{"id":1250,"date":"2021-03-31T16:21:28","date_gmt":"2021-03-31T16:21:28","guid":{"rendered":"http:\/\/cyberstudioztesting.com\/costaricaguesthousesite\/volunteering\/"},"modified":"2024-01-18T23:12:06","modified_gmt":"2024-01-18T23:12:06","slug":"como-voluntario","status":"publish","type":"page","link":"https:\/\/www.costa-rica-guesthouse.com\/es\/como-voluntario\/","title":{"rendered":"Como voluntario"},"content":{"rendered":"<p>[et_pb_section fb_built=\u00bb1&#8243; admin_label=\u00bbHeader\u00bb _builder_version=\u00bb4.9.2&#8243; use_background_color_gradient=\u00bbon\u00bb background_color_gradient_start=\u00bbrgba(255,255,255,0.89)\u00bb background_color_gradient_end=\u00bbrgba(255,255,255,0)\u00bb background_color_gradient_type=\u00bbradial\u00bb background_color_gradient_direction_radial=\u00bbtop left\u00bb background_color_gradient_start_position=\u00bb30%\u00bb background_color_gradient_end_position=\u00bb80%\u00bb background_color_gradient_overlays_image=\u00bbon\u00bb background_image=\u00bbhttp:\/\/cyberstudioztesting.com\/costaricaguesthousesite\/wp-content\/uploads\/2021\/05\/IMG_1503-1.jpg\u00bb custom_margin=\u00bb|||\u00bb custom_padding=\u00bb8vw||8vw||true\u00bb][et_pb_row _builder_version=\u00bb3.25&#8243;][et_pb_column type=\u00bb4_4&#8243; _builder_version=\u00bb3.25&#8243; custom_padding=\u00bb|||\u00bb custom_padding__hover=\u00bb|||\u00bb][et_pb_text _builder_version=\u00bb4.9.2&#8243; text_font=\u00bb||||||||\u00bb header_font=\u00bb|700|||||||\u00bb header_font_size=\u00bb80px\u00bb header_line_height=\u00bb1.2em\u00bb header_5_font=\u00bbRaleway|700||on|||||\u00bb header_5_text_color=\u00bb#000000&#8243; header_5_font_size=\u00bb20px\u00bb header_5_letter_spacing=\u00bb0.5em\u00bb header_5_line_height=\u00bb1.8em\u00bb animation_style=\u00bbzoom\u00bb animation_intensity_zoom=\u00bb5%\u00bb hover_enabled=\u00bb0&#8243; header_font_size_tablet=\u00bb48px\u00bb header_font_size_phone=\u00bb32px\u00bb header_font_size_last_edited=\u00bbon|phone\u00bb header_5_font_size_tablet=\u00bb14px\u00bb header_5_font_size_phone=\u00bb12px\u00bb header_5_font_size_last_edited=\u00bbon|desktop\u00bb sticky_enabled=\u00bb0&#8243;]<\/p>\n<h1>Trabajar como voluntario<\/h1>\n<p>[\/et_pb_text][\/et_pb_column][\/et_pb_row][\/et_pb_section][et_pb_section fb_built=\u00bb1&#8243; admin_label=\u00bbMenu\u00bb _builder_version=\u00bb3.22&#8243; custom_padding=\u00bb0|0px|54px|0px|false|false\u00bb][et_pb_row custom_padding_last_edited=\u00bbon|tablet\u00bb padding_left_right_link_4=\u00bbfalse\u00bb _builder_version=\u00bb3.25&#8243; background_color=\u00bb#ffffff\u00bb custom_margin=\u00bb||\u00bb custom_margin_tablet=\u00bb|||\u00bb custom_margin_last_edited=\u00bboff|desktop\u00bb custom_padding=\u00bb80px|40px|80px|40px|true|true\u00bb custom_padding_tablet=\u00bb||\u00bb custom_padding_phone=\u00bb\u00bb box_shadow_style=\u00bbpreset3&#8243; box_shadow_blur=\u00bb100px\u00bb box_shadow_spread=\u00bb-16px\u00bb box_shadow_color=\u00bbrgba(0,0,0,0.14)\u00bb locked=\u00bboff\u00bb][et_pb_column type=\u00bb4_4&#8243; _builder_version=\u00bb3.25&#8243; custom_padding=\u00bb|||\u00bb custom_padding__hover=\u00bb|||\u00bb][et_pb_text _builder_version=\u00bb4.9.2&#8243; text_font=\u00bbOpen Sans||||||||\u00bb text_line_height=\u00bb2em\u00bb header_font=\u00bb||||||||\u00bb header_2_font=\u00bb||||||||\u00bb header_2_font_size=\u00bb60px\u00bb header_2_line_height=\u00bb1.2em\u00bb text_orientation=\u00bbcenter\u00bb hover_enabled=\u00bb0&#8243; header_2_font_size_tablet=\u00bb40px\u00bb header_2_font_size_phone=\u00bb30px\u00bb header_2_font_size_last_edited=\u00bbon|phone\u00bb locked=\u00bboff\u00bb sticky_enabled=\u00bb0&#8243;]<\/p>\n<h2 style=\"text-align: left;\">\u00a0 \u00a0 \u00a0 \u00a0<br \/>\nTrabajar como voluntario<\/h2>\n<p>[\/et_pb_text][et_pb_text _builder_version=\u00bb4.9.2&#8243; text_font=\u00bb||||||||\u00bb text_font_size=\u00bb16px\u00bb text_line_height=\u00bb2em\u00bb header_font=\u00bb||||||||\u00bb header_2_font=\u00bb||||||||\u00bb header_2_font_size=\u00bb60px\u00bb header_2_line_height=\u00bb1.2em\u00bb text_orientation=\u00bbcenter\u00bb max_width=\u00bb800px\u00bb module_alignment=\u00bbcenter\u00bb hover_enabled=\u00bb0&#8243; header_2_font_size_tablet=\u00bb40px\u00bb header_2_font_size_phone=\u00bb30px\u00bb header_2_font_size_last_edited=\u00bbon|phone\u00bb locked=\u00bboff\u00bb sticky_enabled=\u00bb0&#8243;]<\/p>\n<p style=\"text-align: left;\">TOUR DESK SALEMAN: Venta de tours como rafting, canopy, jungla-volc\u00e1n y renta de autos <\/p>\n<p style=\"text-align: left;\">ADMINISTRACI\u00d3N ASISTENTE DE HOTEL: Brindar\u00e1 apoyo a las distintas \u00e1reas administrativas y trabajar\u00e1 con el gerente <\/p>\n<p style=\"text-align: left;\">ALIMENTOS &#038; BEBIDAS: Trabajar\u00e1s en CRB Bar-Packers<\/p>\n<p style=\"text-align: left;\">Contacta con nosotros &gt; costaricaguesthouse@gmail.com<\/p>\n<p>[\/et_pb_text][\/et_pb_column][\/et_pb_row][\/et_pb_section][et_pb_section fb_built=\u00bb1&#8243; module_id=\u00bbsocial-strip\u00bb _builder_version=\u00bb4.9.2&#8243; _module_preset=\u00bbdefault\u00bb background_color=\u00bb#E09900&#8243; saved_tabs=\u00bball\u00bb][et_pb_row column_structure=\u00bb1_3,1_3,1_3&#8243; _builder_version=\u00bb4.9.2&#8243; _module_preset=\u00bbdefault\u00bb][et_pb_column type=\u00bb1_3&#8243; _builder_version=\u00bb4.9.2&#8243; _module_preset=\u00bbdefault\u00bb][et_pb_text _builder_version=\u00bb4.9.2&#8243; _module_preset=\u00bbdefault\u00bb]<\/p>\n<div class=\"parent-news\">\n<img loading=\"lazy\" decoding=\"async\" src=\"https:\/\/www.costa-rica-guesthouse.com\/wp-content\/uploads\/2021\/04\/msg.png\" width=\"55\" height=\"42\" alt=\"\" class=\"wp-image-156 alignnone size-full\" \/> Novedades y ofertas<\/p>\n<p>[email-subscribers-form id=\u00bb1&#8243;]\n<\/p>\n<\/div>\n<p>[\/et_pb_text][\/et_pb_column][et_pb_column type=\u00bb1_3&#8243; _builder_version=\u00bb4.9.2&#8243; _module_preset=\u00bbdefault\u00bb][et_pb_social_media_follow _builder_version=\u00bb4.9.2&#8243; _module_preset=\u00bbdefault\u00bb][et_pb_social_media_follow_network social_network=\u00bbfacebook\u00bb url=\u00bbhttps:\/\/www.facebook.com\/crguesthouse\/\u00bb _builder_version=\u00bb4.9.2&#8243; _module_preset=\u00bbdefault\u00bb background_color=\u00bb#3b5998&#8243; follow_button=\u00bboff\u00bb url_new_window=\u00bbon\u00bb]facebook[\/et_pb_social_media_follow_network][et_pb_social_media_follow_network social_network=\u00bbinstagram\u00bb url=\u00bbhttps:\/\/www.instagram.com\/costaricaguesthousesanjose\/\u00bb _builder_version=\u00bb4.9.2&#8243; _module_preset=\u00bbdefault\u00bb background_color=\u00bb#ea2c59&#8243; follow_button=\u00bboff\u00bb url_new_window=\u00bbon\u00bb]instagram[\/et_pb_social_media_follow_network][et_pb_social_media_follow_network social_network=\u00bbtwitter\u00bb url=\u00bbhttps:\/\/twitter.com\/crguesthouse\u00bb _builder_version=\u00bb4.9.2&#8243; _module_preset=\u00bbdefault\u00bb background_color=\u00bb#00aced\u00bb follow_button=\u00bboff\u00bb url_new_window=\u00bbon\u00bb]twitter[\/et_pb_social_media_follow_network][et_pb_social_media_follow_network social_network=\u00bbyoutube\u00bb url=\u00bbhttps:\/\/www.youtube.com\/user\/crguesthouse\u00bb _builder_version=\u00bb4.9.2&#8243; _module_preset=\u00bbdefault\u00bb background_color=\u00bb#a82400&#8243; follow_button=\u00bboff\u00bb url_new_window=\u00bbon\u00bb]youtube[\/et_pb_social_media_follow_network][\/et_pb_social_media_follow][\/et_pb_column][et_pb_column type=\u00bb1_3&#8243; _builder_version=\u00bb4.9.2&#8243; _module_preset=\u00bbdefault\u00bb][et_pb_text _builder_version=\u00bb4.9.2&#8243; _module_preset=\u00bbdefault\u00bb]<\/p>\n<p><a href=\"https:\/\/www.tripadvisor.co.uk\/Hotel_Review-g309293-d1015724-Reviews-Costa_Rica_Guesthouse-San_Jose_San_Jose_Metro_Province_of_San_Jose.html\"><img loading=\"lazy\" decoding=\"async\" class=\"wp-image-579 alignnone size-medium\" src=\"https:\/\/www.costa-rica-guesthouse.com\/wp-content\/uploads\/2021\/06\/trip-adviser-300x139.png\" alt=\"\" width=\"300\" height=\"139\" srcset=\"https:\/\/www.costa-rica-guesthouse.com\/\/wp-content\/uploads\/2021\/06\/trip-adviser-300x139.png 300w, https:\/\/www.costa-rica-guesthouse.com\/\/wp-content\/uploads\/2021\/06\/trip-adviser-1024x475.png 1024w, https:\/\/www.costa-rica-guesthouse.com\/\/wp-content\/uploads\/2021\/06\/trip-adviser-768x356.png 768w, https:\/\/www.costa-rica-guesthouse.com\/\/wp-content\/uploads\/2021\/06\/trip-adviser-1080x501.png 1080w, https:\/\/www.costa-rica-guesthouse.com\/\/wp-content\/uploads\/2021\/06\/trip-adviser-980x455.png 980w, https:\/\/www.costa-rica-guesthouse.com\/\/wp-content\/uploads\/2021\/06\/trip-adviser-480x223.png 480w, https:\/\/www.costa-rica-guesthouse.com\/\/wp-content\/uploads\/2021\/06\/trip-adviser.png 1200w\" sizes=\"auto, (max-width: 300px) 100vw, 300px\" \/><\/a><\/p>\n<p>[\/et_pb_text][\/et_pb_column][\/et_pb_row][\/et_pb_section]<\/p>\n","protected":false},"excerpt":{"rendered":"<p>Trabajar como voluntario\u00a0 \u00a0 \u00a0 \u00a0 Trabajar como voluntarioTOUR DESK SALEMAN: Venta de tours como rafting, canopy, jungla-volc\u00e1n y renta de autos ADMINISTRACI\u00d3N ASISTENTE DE HOTEL: Brindar\u00e1 apoyo a las distintas \u00e1reas administrativas y trabajar\u00e1 con el gerente ALIMENTOS &#038; BEBIDAS: Trabajar\u00e1s en CRB Bar-Packers Contacta con nosotros &gt; costaricaguesthouse@gmail.com Novedades y ofertas [email-subscribers-form id=\u00bb1&#8243;] [&hellip;]<\/p>\n","protected":false},"author":1,"featured_media":0,"parent":0,"menu_order":0,"comment_status":"closed","ping_status":"closed","template":"","meta":{"_acf_changed":false,"_et_pb_use_builder":"on","_et_pb_old_content":"","_et_gb_content_width":"","footnotes":""},"class_list":["post-1250","page","type-page","status-publish","hentry"],"acf":[],"yoast_head":"<!-- This site is optimized with the Yoast SEO plugin v27.2 - https:\/\/yoast.com\/product\/yoast-seo-wordpress\/ -->\n<title>Como voluntario - COSTA RICA GUESTHOUSE<\/title>\n<meta name=\"robots\" content=\"index, follow, max-snippet:-1, max-image-preview:large, max-video-preview:-1\" \/>\n<link rel=\"canonical\" href=\"https:\/\/www.costa-rica-guesthouse.com\/volunteering\/\" \/>\n<meta property=\"og:locale\" content=\"es_ES\" \/>\n<meta property=\"og:type\" content=\"article\" \/>\n<meta property=\"og:title\" content=\"Como voluntario - COSTA RICA GUESTHOUSE\" \/>\n<meta property=\"og:description\" content=\"Trabajar como voluntario\u00a0 \u00a0 \u00a0 \u00a0 Trabajar como voluntarioTOUR DESK SALEMAN: Venta de tours como rafting, canopy, jungla-volc\u00e1n y renta de autos ADMINISTRACI\u00d3N ASISTENTE DE HOTEL: Brindar\u00e1 apoyo a las distintas \u00e1reas administrativas y trabajar\u00e1 con el gerente ALIMENTOS &amp; BEBIDAS: Trabajar\u00e1s en CRB Bar-Packers Contacta con nosotros &gt; costaricaguesthouse@gmail.com Novedades y ofertas [email-subscribers-form id=&quot;1&quot;] [&hellip;]\" \/>\n<meta property=\"og:url\" content=\"https:\/\/www.costa-rica-guesthouse.com\/volunteering\/\" \/>\n<meta property=\"og:site_name\" content=\"COSTA RICA GUESTHOUSE\" \/>\n<meta property=\"article:modified_time\" content=\"2024-01-18T23:12:06+00:00\" \/>\n<meta property=\"og:image\" content=\"https:\/\/www.costa-rica-guesthouse.com\/wp-content\/uploads\/2021\/04\/msg.png\" \/>\n<meta name=\"twitter:card\" content=\"summary_large_image\" \/>\n<meta name=\"twitter:label1\" content=\"Tiempo de lectura\" \/>\n\t<meta name=\"twitter:data1\" content=\"4 minutos\" \/>\n<script type=\"application\/ld+json\" class=\"yoast-schema-graph\">{\"@context\":\"https:\/\/schema.org\",\"@graph\":[{\"@type\":\"WebPage\",\"@id\":\"https:\/\/www.costa-rica-guesthouse.com\/volunteering\/\",\"url\":\"https:\/\/www.costa-rica-guesthouse.com\/volunteering\/\",\"name\":\"Como voluntario - COSTA RICA GUESTHOUSE\",\"isPartOf\":{\"@id\":\"https:\/\/www.costa-rica-guesthouse.com\/#website\"},\"primaryImageOfPage\":{\"@id\":\"https:\/\/www.costa-rica-guesthouse.com\/volunteering\/#primaryimage\"},\"image\":{\"@id\":\"https:\/\/www.costa-rica-guesthouse.com\/volunteering\/#primaryimage\"},\"thumbnailUrl\":\"https:\/\/www.costa-rica-guesthouse.com\/wp-content\/uploads\/2021\/04\/msg.png\",\"datePublished\":\"2021-03-31T16:21:28+00:00\",\"dateModified\":\"2024-01-18T23:12:06+00:00\",\"breadcrumb\":{\"@id\":\"https:\/\/www.costa-rica-guesthouse.com\/volunteering\/#breadcrumb\"},\"inLanguage\":\"es\",\"potentialAction\":[{\"@type\":\"ReadAction\",\"target\":[\"https:\/\/www.costa-rica-guesthouse.com\/volunteering\/\"]}]},{\"@type\":\"ImageObject\",\"inLanguage\":\"es\",\"@id\":\"https:\/\/www.costa-rica-guesthouse.com\/volunteering\/#primaryimage\",\"url\":\"https:\/\/www.costa-rica-guesthouse.com\/wp-content\/uploads\/2021\/04\/msg.png\",\"contentUrl\":\"https:\/\/www.costa-rica-guesthouse.com\/wp-content\/uploads\/2021\/04\/msg.png\"},{\"@type\":\"BreadcrumbList\",\"@id\":\"https:\/\/www.costa-rica-guesthouse.com\/volunteering\/#breadcrumb\",\"itemListElement\":[{\"@type\":\"ListItem\",\"position\":1,\"name\":\"Home\",\"item\":\"https:\/\/www.costa-rica-guesthouse.com\/\"},{\"@type\":\"ListItem\",\"position\":2,\"name\":\"Como voluntario\"}]},{\"@type\":\"WebSite\",\"@id\":\"https:\/\/www.costa-rica-guesthouse.com\/#website\",\"url\":\"https:\/\/www.costa-rica-guesthouse.com\/\",\"name\":\"COSTA RICA GUESTHOUSE\",\"description\":\"San Jos\u00e9 Hotel Hostel\",\"potentialAction\":[{\"@type\":\"SearchAction\",\"target\":{\"@type\":\"EntryPoint\",\"urlTemplate\":\"https:\/\/www.costa-rica-guesthouse.com\/?s={search_term_string}\"},\"query-input\":{\"@type\":\"PropertyValueSpecification\",\"valueRequired\":true,\"valueName\":\"search_term_string\"}}],\"inLanguage\":\"es\"}]}<\/script>\n<!-- \/ Yoast SEO plugin. -->","yoast_head_json":{"title":"Como voluntario - COSTA RICA GUESTHOUSE","robots":{"index":"index","follow":"follow","max-snippet":"max-snippet:-1","max-image-preview":"max-image-preview:large","max-video-preview":"max-video-preview:-1"},"canonical":"https:\/\/www.costa-rica-guesthouse.com\/volunteering\/","og_locale":"es_ES","og_type":"article","og_title":"Como voluntario - COSTA RICA GUESTHOUSE","og_description":"Trabajar como voluntario\u00a0 \u00a0 \u00a0 \u00a0 Trabajar como voluntarioTOUR DESK SALEMAN: Venta de tours como rafting, canopy, jungla-volc\u00e1n y renta de autos ADMINISTRACI\u00d3N ASISTENTE DE HOTEL: Brindar\u00e1 apoyo a las distintas \u00e1reas administrativas y trabajar\u00e1 con el gerente ALIMENTOS & BEBIDAS: Trabajar\u00e1s en CRB Bar-Packers Contacta con nosotros &gt; costaricaguesthouse@gmail.com Novedades y ofertas [email-subscribers-form id=\"1\"] [&hellip;]","og_url":"https:\/\/www.costa-rica-guesthouse.com\/volunteering\/","og_site_name":"COSTA RICA GUESTHOUSE","article_modified_time":"2024-01-18T23:12:06+00:00","og_image":[{"url":"https:\/\/www.costa-rica-guesthouse.com\/wp-content\/uploads\/2021\/04\/msg.png","type":"","width":"","height":""}],"twitter_card":"summary_large_image","twitter_misc":{"Tiempo de lectura":"4 minutos"},"schema":{"@context":"https:\/\/schema.org","@graph":[{"@type":"WebPage","@id":"https:\/\/www.costa-rica-guesthouse.com\/volunteering\/","url":"https:\/\/www.costa-rica-guesthouse.com\/volunteering\/","name":"Como voluntario - COSTA RICA GUESTHOUSE","isPartOf":{"@id":"https:\/\/www.costa-rica-guesthouse.com\/#website"},"primaryImageOfPage":{"@id":"https:\/\/www.costa-rica-guesthouse.com\/volunteering\/#primaryimage"},"image":{"@id":"https:\/\/www.costa-rica-guesthouse.com\/volunteering\/#primaryimage"},"thumbnailUrl":"https:\/\/www.costa-rica-guesthouse.com\/wp-content\/uploads\/2021\/04\/msg.png","datePublished":"2021-03-31T16:21:28+00:00","dateModified":"2024-01-18T23:12:06+00:00","breadcrumb":{"@id":"https:\/\/www.costa-rica-guesthouse.com\/volunteering\/#breadcrumb"},"inLanguage":"es","potentialAction":[{"@type":"ReadAction","target":["https:\/\/www.costa-rica-guesthouse.com\/volunteering\/"]}]},{"@type":"ImageObject","inLanguage":"es","@id":"https:\/\/www.costa-rica-guesthouse.com\/volunteering\/#primaryimage","url":"https:\/\/www.costa-rica-guesthouse.com\/wp-content\/uploads\/2021\/04\/msg.png","contentUrl":"https:\/\/www.costa-rica-guesthouse.com\/wp-content\/uploads\/2021\/04\/msg.png"},{"@type":"BreadcrumbList","@id":"https:\/\/www.costa-rica-guesthouse.com\/volunteering\/#breadcrumb","itemListElement":[{"@type":"ListItem","position":1,"name":"Home","item":"https:\/\/www.costa-rica-guesthouse.com\/"},{"@type":"ListItem","position":2,"name":"Como voluntario"}]},{"@type":"WebSite","@id":"https:\/\/www.costa-rica-guesthouse.com\/#website","url":"https:\/\/www.costa-rica-guesthouse.com\/","name":"COSTA RICA GUESTHOUSE","description":"San Jos\u00e9 Hotel Hostel","potentialAction":[{"@type":"SearchAction","target":{"@type":"EntryPoint","urlTemplate":"https:\/\/www.costa-rica-guesthouse.com\/?s={search_term_string}"},"query-input":{"@type":"PropertyValueSpecification","valueRequired":true,"valueName":"search_term_string"}}],"inLanguage":"es"}]}},"_links":{"self":[{"href":"https:\/\/www.costa-rica-guesthouse.com\/es\/wp-json\/wp\/v2\/pages\/1250","targetHints":{"allow":["GET"]}}],"collection":[{"href":"https:\/\/www.costa-rica-guesthouse.com\/es\/wp-json\/wp\/v2\/pages"}],"about":[{"href":"https:\/\/www.costa-rica-guesthouse.com\/es\/wp-json\/wp\/v2\/types\/page"}],"author":[{"embeddable":true,"href":"https:\/\/www.costa-rica-guesthouse.com\/es\/wp-json\/wp\/v2\/users\/1"}],"replies":[{"embeddable":true,"href":"https:\/\/www.costa-rica-guesthouse.com\/es\/wp-json\/wp\/v2\/comments?post=1250"}],"version-history":[{"count":0,"href":"https:\/\/www.costa-rica-guesthouse.com\/es\/wp-json\/wp\/v2\/pages\/1250\/revisions"}],"wp:attachment":[{"href":"https:\/\/www.costa-rica-guesthouse.com\/es\/wp-json\/wp\/v2\/media?parent=1250"}],"curies":[{"name":"wp","href":"https:\/\/api.w.org\/{rel}","templated":true}]}}