{"id":1148,"date":"2021-03-31T16:19:48","date_gmt":"2021-03-31T16:19:48","guid":{"rendered":"http:\/\/cyberstudioztesting.com\/costaricaguesthousesite\/tours-car-rentals\/"},"modified":"2024-01-18T23:12:06","modified_gmt":"2024-01-18T23:12:06","slug":"alquiler-de-coches-y-tours","status":"publish","type":"page","link":"https:\/\/www.costa-rica-guesthouse.com\/es\/alquiler-de-coches-y-tours\/","title":{"rendered":"Alquiler de coches y tours"},"content":{"rendered":"<p>[et_pb_section fb_built=\u00bb1&#8243; admin_label=\u00bbHeader\u00bb _builder_version=\u00bb4.9.2&#8243; use_background_color_gradient=\u00bbon\u00bb background_color_gradient_start=\u00bbrgba(255,255,255,0.89)\u00bb background_color_gradient_end=\u00bbrgba(255,255,255,0)\u00bb background_color_gradient_type=\u00bbradial\u00bb background_color_gradient_direction_radial=\u00bbtop left\u00bb background_color_gradient_start_position=\u00bb30%\u00bb background_color_gradient_end_position=\u00bb80%\u00bb background_color_gradient_overlays_image=\u00bbon\u00bb background_image=\u00bbhttp:\/\/cyberstudioztesting.com\/costaricaguesthousesite\/wp-content\/uploads\/2021\/05\/image1-1.jpeg\u00bb custom_margin=\u00bb|||\u00bb custom_padding=\u00bb8vw||8vw||true\u00bb][et_pb_row _builder_version=\u00bb3.25&#8243;][et_pb_column type=\u00bb4_4&#8243; _builder_version=\u00bb3.25&#8243; custom_padding=\u00bb|||\u00bb custom_padding__hover=\u00bb|||\u00bb][et_pb_text _builder_version=\u00bb4.9.2&#8243; text_font=\u00bb||||||||\u00bb header_font=\u00bb|700|||||||\u00bb header_font_size=\u00bb80px\u00bb header_line_height=\u00bb1.2em\u00bb header_5_font=\u00bbRaleway|700||on|||||\u00bb header_5_text_color=\u00bb#000000&#8243; header_5_font_size=\u00bb20px\u00bb header_5_letter_spacing=\u00bb0.5em\u00bb header_5_line_height=\u00bb1.8em\u00bb animation_style=\u00bbzoom\u00bb animation_intensity_zoom=\u00bb5%\u00bb header_font_size_tablet=\u00bb48px\u00bb header_font_size_phone=\u00bb32px\u00bb header_font_size_last_edited=\u00bbon|phone\u00bb header_5_font_size_tablet=\u00bb14px\u00bb header_5_font_size_phone=\u00bb12px\u00bb header_5_font_size_last_edited=\u00bbon|desktop\u00bb]<\/p>\n<h1>Alquiler de coches y tours<\/h1>\n<p>[\/et_pb_text][\/et_pb_column][\/et_pb_row][\/et_pb_section][et_pb_section fb_built=\u00bb1&#8243; admin_label=\u00bbGallery\u00bb _builder_version=\u00bb4.9.2&#8243; background_color=\u00bbrgba(0,0,0,0)\u00bb custom_padding=\u00bb0|0px||0px|false|false\u00bb][et_pb_row column_structure=\u00bb1_2,1_2&#8243; _builder_version=\u00bb3.25&#8243; custom_padding=\u00bb0|0px|27px|0px|false|false\u00bb][et_pb_column type=\u00bb1_2&#8243; _builder_version=\u00bb3.25&#8243; custom_padding=\u00bb|||\u00bb custom_padding__hover=\u00bb|||\u00bb][et_pb_image src=\u00bbhttp:\/\/cyberstudioztesting.com\/costaricaguesthousesite\/wp-content\/uploads\/2021\/05\/1-rafting-Rio-Pacuare.jpg\u00bb title_text=\u00bb1-rafting-Rio-Pacuare\u00bb align_tablet=\u00bbcenter\u00bb align_phone=\u00bb\u00bb align_last_edited=\u00bbon|desktop\u00bb _builder_version=\u00bb4.9.2&#8243;][\/et_pb_image][et_pb_text _builder_version=\u00bb4.9.2&#8243; text_font=\u00bb||||||||\u00bb text_line_height=\u00bb2em\u00bb header_font=\u00bb||||||||\u00bb header_2_font=\u00bb||||||||\u00bb header_2_font_size=\u00bb60px\u00bb header_2_line_height=\u00bb1.2em\u00bb max_width=\u00bb550px\u00bb header_2_font_size_tablet=\u00bb40px\u00bb header_2_font_size_phone=\u00bb30px\u00bb header_2_font_size_last_edited=\u00bbon|phone\u00bb locked=\u00bboff\u00bb]<\/p>\n<h2>RAFTING RIO PACUARE<\/h2>\n<p>Este viaje le brinda la mejor combinaci\u00f3n de exposici\u00f3n y emoci\u00f3n a la naturaleza. El r\u00edo Pacuare es mundialmente famoso por su belleza pr\u00edstina, una verdadera garganta fluvial flanqueada por empinadas paredes verdes, con continuos r\u00e1pidos de principio a fin. Distancia 30kms, n\u00famero de r\u00e1pidos 38, tiempo de r\u00edo 4 horas. $99<\/p>\n<p>[\/et_pb_text][\/et_pb_column][et_pb_column type=\u00bb1_2&#8243; _builder_version=\u00bb3.25&#8243; custom_padding=\u00bb100px|||\u00bb custom_padding__hover=\u00bb|||\u00bb][et_pb_text _builder_version=\u00bb4.9.2&#8243; text_font=\u00bb||||||||\u00bb text_line_height=\u00bb2em\u00bb header_font=\u00bb||||||||\u00bb header_2_font=\u00bb||||||||\u00bb header_2_font_size=\u00bb60px\u00bb header_2_line_height=\u00bb1.2em\u00bb max_width=\u00bb550px\u00bb header_2_font_size_tablet=\u00bb40px\u00bb header_2_font_size_phone=\u00bb30px\u00bb header_2_font_size_last_edited=\u00bbon|phone\u00bb locked=\u00bboff\u00bb]<\/p>\n<h2>VOLC\u00c1N ARENAL Y AGUAS TERMALES<\/h2>\n<p>Tour de d\u00eda completo al volc\u00e1n Arenal y las aguas termales, pasaremos por el pueblo de Grecia y Sarchi, conocido por sus artes y artesan\u00edas. Incluye transporte, almuerzo, cena y gu\u00eda. En un lindo d\u00eda tendr\u00e1 la oportunidad de admirar el majestuoso coloso, el volc\u00e1n Arenal\u2026 por la noche la culebra roja que baja de la monta\u00f1a. En las aguas termales podr\u00e1 relajarse en las relajantes aguas &#8230; le invitamos a disfrutar de una espl\u00e9ndida cena<\/p>\n<p>[\/et_pb_text][et_pb_image src=\u00bbhttp:\/\/cyberstudioztesting.com\/costaricaguesthousesite\/wp-content\/uploads\/2021\/05\/2-Arenal-Volcano-Hot-Springs.jpg\u00bb title_text=\u00bb2-Arenal-Volcano-Hot-Springs\u00bb align_tablet=\u00bbcenter\u00bb align_phone=\u00bb\u00bb align_last_edited=\u00bbon|desktop\u00bb _builder_version=\u00bb4.9.2&#8243;][\/et_pb_image][\/et_pb_column][\/et_pb_row][et_pb_row column_structure=\u00bb1_2,1_2&#8243; _builder_version=\u00bb3.25&#8243; custom_padding=\u00bb0|0px|27px|0px|false|false\u00bb][et_pb_column type=\u00bb1_2&#8243; _builder_version=\u00bb3.25&#8243; custom_padding=\u00bb|||\u00bb custom_padding__hover=\u00bb|||\u00bb][et_pb_image src=\u00bbhttp:\/\/cyberstudioztesting.com\/costaricaguesthousesite\/wp-content\/uploads\/2021\/05\/3-extremo-canopy-monteverde-2.jpg\u00bb title_text=\u00bb3-extremo-canopy-monteverde-2&#8243; align_tablet=\u00bbcenter\u00bb align_phone=\u00bb\u00bb align_last_edited=\u00bbon|desktop\u00bb _builder_version=\u00bb4.9.2&#8243;][\/et_pb_image][et_pb_text _builder_version=\u00bb4.9.2&#8243; text_font=\u00bb||||||||\u00bb text_line_height=\u00bb2em\u00bb header_font=\u00bb||||||||\u00bb header_2_font=\u00bb||||||||\u00bb header_2_font_size=\u00bb60px\u00bb header_2_line_height=\u00bb1.2em\u00bb max_width=\u00bb550px\u00bb header_2_font_size_tablet=\u00bb40px\u00bb header_2_font_size_phone=\u00bb30px\u00bb header_2_font_size_last_edited=\u00bbon|phone\u00bb locked=\u00bboff\u00bb]<\/p>\n<h2>EXTREMO CANOPY MONTEVERDE<\/h2>\n<p>El Monteverde Extremo Canopy Tour es perfecto para los amantes de la aventura, aquellos que buscan experiencias de alta adrenalina y no los d\u00e9biles de coraz\u00f3n. Extremo canopy no se encuentra cerca de las principales reservas naturales de la zona ni sobre un bosque privilegiado como algunos de los otros tours de canopy, pero como su nombre lo sugiere, \u00a1es una prisa extrema! Este tour de tirolesa ofrece 14 tirolesas, casi 3,2 kil\u00f3metros (2 millas), que var\u00edan en distancia desde 40 metros (131 pies) a 750 metros (2,461 pies), incluidos 4 cables que miden m\u00e1s de 425 metros (1,394 pies). Incluido en el recorrido est\u00e1 el superman, tarz\u00e1n swing, un r\u00e1pel y un nuevo t\u00fanel de cable.<\/p>\n<p>[\/et_pb_text][\/et_pb_column][et_pb_column type=\u00bb1_2&#8243; _builder_version=\u00bb3.25&#8243; custom_padding=\u00bb100px|||\u00bb custom_padding__hover=\u00bb|||\u00bb][et_pb_text _builder_version=\u00bb4.9.2&#8243; text_font=\u00bb||||||||\u00bb text_line_height=\u00bb2em\u00bb header_font=\u00bb||||||||\u00bb header_2_font=\u00bb||||||||\u00bb header_2_font_size=\u00bb60px\u00bb header_2_line_height=\u00bb1.2em\u00bb max_width=\u00bb550px\u00bb header_2_font_size_tablet=\u00bb40px\u00bb header_2_font_size_phone=\u00bb30px\u00bb header_2_font_size_last_edited=\u00bbon|phone\u00bb locked=\u00bboff\u00bb]<\/p>\n<h2>TORTUGUERO 1 NOCHE<\/h2>\n<p>Beb &#038; breakfast (solo), 2 d\u00edas &#8211; 1 noche por $ 99 (los tours son adicionales, entrada al parque $ 10, anidaci\u00f3n de tortugas $ 25), uso de kayaks gratis Tortuguero es el parque nacional m\u00e1s lindo de la costa caribe\u00f1a, puede acceder a \u00e9l solo en bote, le recomendamos que se quede otra noche, el d\u00eda no vale la pena, pasar\u00e1 gran parte de su tiempo en transporte para llegar y regresar.<\/p>\n<p>[\/et_pb_text][et_pb_image src=\u00bbhttp:\/\/cyberstudioztesting.com\/costaricaguesthousesite\/wp-content\/uploads\/2021\/05\/4-Tortuguero-1-night-1.png\u00bb title_text=\u00bb4-Tortuguero-1-night-1&#8243; align_tablet=\u00bbcenter\u00bb align_phone=\u00bb\u00bb align_last_edited=\u00bbon|desktop\u00bb _builder_version=\u00bb4.9.2&#8243;][\/et_pb_image][\/et_pb_column][\/et_pb_row][et_pb_row column_structure=\u00bb1_2,1_2&#8243; _builder_version=\u00bb3.25&#8243; custom_padding=\u00bb0|0px|27px|0px|false|false\u00bb][et_pb_column type=\u00bb1_2&#8243; _builder_version=\u00bb3.25&#8243; custom_padding=\u00bb|||\u00bb custom_padding__hover=\u00bb|||\u00bb][et_pb_image src=\u00bbhttp:\/\/cyberstudioztesting.com\/costaricaguesthousesite\/wp-content\/uploads\/2021\/05\/5-Poas-volcano-La-paz.jpg\u00bb title_text=\u00bb5-Poas-volcano-La-paz\u00bb align_tablet=\u00bbcenter\u00bb align_phone=\u00bb\u00bb align_last_edited=\u00bbon|desktop\u00bb _builder_version=\u00bb4.9.2&#8243;][\/et_pb_image][et_pb_text _builder_version=\u00bb4.9.2&#8243; text_font=\u00bb||||||||\u00bb text_line_height=\u00bb2em\u00bb header_font=\u00bb||||||||\u00bb header_2_font=\u00bb||||||||\u00bb header_2_font_size=\u00bb60px\u00bb header_2_line_height=\u00bb1.2em\u00bb max_width=\u00bb550px\u00bb header_2_font_size_tablet=\u00bb40px\u00bb header_2_font_size_phone=\u00bb30px\u00bb header_2_font_size_last_edited=\u00bbon|phone\u00bb locked=\u00bboff\u00bb]<\/p>\n<h2>POAS VOLCANO &#038; LA PAZ WATERFALL<\/h2>\n<p>Poas volcano, coffee plantations, la paz waterfall garden only from $49,<\/p>\n<p>[\/et_pb_text][\/et_pb_column][et_pb_column type=\u00bb1_2&#8243; _builder_version=\u00bb3.25&#8243; custom_padding=\u00bb100px|||\u00bb custom_padding__hover=\u00bb|||\u00bb][et_pb_text _builder_version=\u00bb4.9.2&#8243; text_font=\u00bb||||||||\u00bb text_line_height=\u00bb2em\u00bb header_font=\u00bb||||||||\u00bb header_2_font=\u00bb||||||||\u00bb header_2_font_size=\u00bb60px\u00bb header_2_line_height=\u00bb1.2em\u00bb max_width=\u00bb550px\u00bb header_2_font_size_tablet=\u00bb40px\u00bb header_2_font_size_phone=\u00bb30px\u00bb header_2_font_size_last_edited=\u00bbon|phone\u00bb locked=\u00bboff\u00bb]<\/p>\n<h2>VOLC\u00c1N IRAZU, BAS\u00cdLICA Y VALLE DE OROSI<\/h2>\n<p>Todo en un d\u00eda, lo mejor del volc\u00e1n Iraz\u00fa del lado este, Cartago y su catedral, valle de orosi solo desde $ 49.<\/p>\n<p>[\/et_pb_text][et_pb_image src=\u00bbhttp:\/\/cyberstudioztesting.com\/costaricaguesthousesite\/wp-content\/uploads\/2021\/05\/6-irazu-volcano.jpg\u00bb title_text=\u00bb6-irazu-volcano\u00bb align_tablet=\u00bbcenter\u00bb align_phone=\u00bb\u00bb align_last_edited=\u00bbon|desktop\u00bb _builder_version=\u00bb4.9.2&#8243;][\/et_pb_image][\/et_pb_column][\/et_pb_row][\/et_pb_section][et_pb_section fb_built=\u00bb1&#8243; module_id=\u00bbsocial-strip\u00bb _builder_version=\u00bb4.9.2&#8243; _module_preset=\u00bbdefault\u00bb background_color=\u00bb#E09900&#8243; saved_tabs=\u00bball\u00bb][et_pb_row column_structure=\u00bb1_3,1_3,1_3&#8243; _builder_version=\u00bb4.9.2&#8243; _module_preset=\u00bbdefault\u00bb][et_pb_column type=\u00bb1_3&#8243; _builder_version=\u00bb4.9.2&#8243; _module_preset=\u00bbdefault\u00bb][et_pb_text _builder_version=\u00bb4.9.2&#8243; _module_preset=\u00bbdefault\u00bb]<\/p>\n<div class=\"parent-news\">\n<img loading=\"lazy\" decoding=\"async\" src=\"https:\/\/www.costa-rica-guesthouse.com\/wp-content\/uploads\/2021\/04\/msg.png\" width=\"55\" height=\"42\" alt=\"\" class=\"wp-image-156 alignnone size-full\" \/> Novedades y ofertas<\/p>\n<p>[email-subscribers-form id=\u00bb1&#8243;]\n<\/p>\n<\/div>\n<p>[\/et_pb_text][\/et_pb_column][et_pb_column type=\u00bb1_3&#8243; _builder_version=\u00bb4.9.2&#8243; _module_preset=\u00bbdefault\u00bb][et_pb_social_media_follow _builder_version=\u00bb4.9.2&#8243; _module_preset=\u00bbdefault\u00bb][et_pb_social_media_follow_network social_network=\u00bbfacebook\u00bb url=\u00bbhttps:\/\/www.facebook.com\/crguesthouse\/\u00bb _builder_version=\u00bb4.9.2&#8243; _module_preset=\u00bbdefault\u00bb background_color=\u00bb#3b5998&#8243; follow_button=\u00bboff\u00bb url_new_window=\u00bbon\u00bb]facebook[\/et_pb_social_media_follow_network][et_pb_social_media_follow_network social_network=\u00bbinstagram\u00bb url=\u00bbhttps:\/\/www.instagram.com\/costaricaguesthousesanjose\/\u00bb _builder_version=\u00bb4.9.2&#8243; _module_preset=\u00bbdefault\u00bb background_color=\u00bb#ea2c59&#8243; follow_button=\u00bboff\u00bb url_new_window=\u00bbon\u00bb]instagram[\/et_pb_social_media_follow_network][et_pb_social_media_follow_network social_network=\u00bbtwitter\u00bb url=\u00bbhttps:\/\/twitter.com\/crguesthouse\u00bb _builder_version=\u00bb4.9.2&#8243; _module_preset=\u00bbdefault\u00bb background_color=\u00bb#00aced\u00bb follow_button=\u00bboff\u00bb url_new_window=\u00bbon\u00bb]twitter[\/et_pb_social_media_follow_network][et_pb_social_media_follow_network social_network=\u00bbyoutube\u00bb url=\u00bbhttps:\/\/www.youtube.com\/user\/crguesthouse\u00bb _builder_version=\u00bb4.9.2&#8243; _module_preset=\u00bbdefault\u00bb background_color=\u00bb#a82400&#8243; follow_button=\u00bboff\u00bb url_new_window=\u00bbon\u00bb]youtube[\/et_pb_social_media_follow_network][\/et_pb_social_media_follow][\/et_pb_column][et_pb_column type=\u00bb1_3&#8243; _builder_version=\u00bb4.9.2&#8243; _module_preset=\u00bbdefault\u00bb][et_pb_text _builder_version=\u00bb4.9.2&#8243; _module_preset=\u00bbdefault\u00bb]<\/p>\n<p><a href=\"https:\/\/www.tripadvisor.co.uk\/Hotel_Review-g309293-d1015724-Reviews-Costa_Rica_Guesthouse-San_Jose_San_Jose_Metro_Province_of_San_Jose.html\"><img loading=\"lazy\" decoding=\"async\" class=\"wp-image-579 alignnone size-medium\" src=\"https:\/\/www.costa-rica-guesthouse.com\/wp-content\/uploads\/2021\/06\/trip-adviser-300x139.png\" alt=\"\" width=\"300\" height=\"139\" srcset=\"https:\/\/www.costa-rica-guesthouse.com\/\/wp-content\/uploads\/2021\/06\/trip-adviser-300x139.png 300w, https:\/\/www.costa-rica-guesthouse.com\/\/wp-content\/uploads\/2021\/06\/trip-adviser-1024x475.png 1024w, https:\/\/www.costa-rica-guesthouse.com\/\/wp-content\/uploads\/2021\/06\/trip-adviser-768x356.png 768w, https:\/\/www.costa-rica-guesthouse.com\/\/wp-content\/uploads\/2021\/06\/trip-adviser-1080x501.png 1080w, https:\/\/www.costa-rica-guesthouse.com\/\/wp-content\/uploads\/2021\/06\/trip-adviser-980x455.png 980w, https:\/\/www.costa-rica-guesthouse.com\/\/wp-content\/uploads\/2021\/06\/trip-adviser-480x223.png 480w, https:\/\/www.costa-rica-guesthouse.com\/\/wp-content\/uploads\/2021\/06\/trip-adviser.png 1200w\" sizes=\"auto, (max-width: 300px) 100vw, 300px\" \/><\/a><\/p>\n<p>[\/et_pb_text][\/et_pb_column][\/et_pb_row][\/et_pb_section]<\/p>\n","protected":false},"excerpt":{"rendered":"<p>Alquiler de coches y toursRAFTING RIO PACUARE Este viaje le brinda la mejor combinaci\u00f3n de exposici\u00f3n y emoci\u00f3n a la naturaleza. El r\u00edo Pacuare es mundialmente famoso por su belleza pr\u00edstina, una verdadera garganta fluvial flanqueada por empinadas paredes verdes, con continuos r\u00e1pidos de principio a fin. Distancia 30kms, n\u00famero de r\u00e1pidos 38, tiempo de [&hellip;]<\/p>\n","protected":false},"author":1,"featured_media":0,"parent":0,"menu_order":0,"comment_status":"closed","ping_status":"closed","template":"","meta":{"_acf_changed":false,"_et_pb_use_builder":"on","_et_pb_old_content":"","_et_gb_content_width":"","footnotes":""},"class_list":["post-1148","page","type-page","status-publish","hentry"],"acf":[],"yoast_head":"<!-- This site is optimized with the Yoast SEO plugin v27.2 - https:\/\/yoast.com\/product\/yoast-seo-wordpress\/ -->\n<title>Alquiler de coches y tours - COSTA RICA GUESTHOUSE<\/title>\n<meta name=\"robots\" content=\"index, follow, max-snippet:-1, max-image-preview:large, max-video-preview:-1\" \/>\n<link rel=\"canonical\" href=\"https:\/\/www.costa-rica-guesthouse.com\/tours-car-rentals\/\" \/>\n<meta property=\"og:locale\" content=\"es_ES\" \/>\n<meta property=\"og:type\" content=\"article\" \/>\n<meta property=\"og:title\" content=\"Alquiler de coches y tours - COSTA RICA GUESTHOUSE\" \/>\n<meta property=\"og:description\" content=\"Alquiler de coches y toursRAFTING RIO PACUARE Este viaje le brinda la mejor combinaci\u00f3n de exposici\u00f3n y emoci\u00f3n a la naturaleza. El r\u00edo Pacuare es mundialmente famoso por su belleza pr\u00edstina, una verdadera garganta fluvial flanqueada por empinadas paredes verdes, con continuos r\u00e1pidos de principio a fin. Distancia 30kms, n\u00famero de r\u00e1pidos 38, tiempo de [&hellip;]\" \/>\n<meta property=\"og:url\" content=\"https:\/\/www.costa-rica-guesthouse.com\/tours-car-rentals\/\" \/>\n<meta property=\"og:site_name\" content=\"COSTA RICA GUESTHOUSE\" \/>\n<meta property=\"article:modified_time\" content=\"2024-01-18T23:12:06+00:00\" \/>\n<meta property=\"og:image\" content=\"https:\/\/www.costa-rica-guesthouse.com\/wp-content\/uploads\/2021\/04\/msg.png\" \/>\n<meta name=\"twitter:card\" content=\"summary_large_image\" \/>\n<meta name=\"twitter:label1\" content=\"Tiempo de lectura\" \/>\n\t<meta name=\"twitter:data1\" content=\"7 minutos\" \/>\n<script type=\"application\/ld+json\" class=\"yoast-schema-graph\">{\"@context\":\"https:\/\/schema.org\",\"@graph\":[{\"@type\":\"WebPage\",\"@id\":\"https:\/\/www.costa-rica-guesthouse.com\/tours-car-rentals\/\",\"url\":\"https:\/\/www.costa-rica-guesthouse.com\/tours-car-rentals\/\",\"name\":\"Alquiler de coches y tours - COSTA RICA GUESTHOUSE\",\"isPartOf\":{\"@id\":\"https:\/\/www.costa-rica-guesthouse.com\/#website\"},\"primaryImageOfPage\":{\"@id\":\"https:\/\/www.costa-rica-guesthouse.com\/tours-car-rentals\/#primaryimage\"},\"image\":{\"@id\":\"https:\/\/www.costa-rica-guesthouse.com\/tours-car-rentals\/#primaryimage\"},\"thumbnailUrl\":\"https:\/\/www.costa-rica-guesthouse.com\/wp-content\/uploads\/2021\/04\/msg.png\",\"datePublished\":\"2021-03-31T16:19:48+00:00\",\"dateModified\":\"2024-01-18T23:12:06+00:00\",\"breadcrumb\":{\"@id\":\"https:\/\/www.costa-rica-guesthouse.com\/tours-car-rentals\/#breadcrumb\"},\"inLanguage\":\"es\",\"potentialAction\":[{\"@type\":\"ReadAction\",\"target\":[\"https:\/\/www.costa-rica-guesthouse.com\/tours-car-rentals\/\"]}]},{\"@type\":\"ImageObject\",\"inLanguage\":\"es\",\"@id\":\"https:\/\/www.costa-rica-guesthouse.com\/tours-car-rentals\/#primaryimage\",\"url\":\"https:\/\/www.costa-rica-guesthouse.com\/wp-content\/uploads\/2021\/04\/msg.png\",\"contentUrl\":\"https:\/\/www.costa-rica-guesthouse.com\/wp-content\/uploads\/2021\/04\/msg.png\"},{\"@type\":\"BreadcrumbList\",\"@id\":\"https:\/\/www.costa-rica-guesthouse.com\/tours-car-rentals\/#breadcrumb\",\"itemListElement\":[{\"@type\":\"ListItem\",\"position\":1,\"name\":\"Home\",\"item\":\"https:\/\/www.costa-rica-guesthouse.com\/\"},{\"@type\":\"ListItem\",\"position\":2,\"name\":\"Alquiler de coches y tours\"}]},{\"@type\":\"WebSite\",\"@id\":\"https:\/\/www.costa-rica-guesthouse.com\/#website\",\"url\":\"https:\/\/www.costa-rica-guesthouse.com\/\",\"name\":\"COSTA RICA GUESTHOUSE\",\"description\":\"San Jos\u00e9 Hotel Hostel\",\"potentialAction\":[{\"@type\":\"SearchAction\",\"target\":{\"@type\":\"EntryPoint\",\"urlTemplate\":\"https:\/\/www.costa-rica-guesthouse.com\/?s={search_term_string}\"},\"query-input\":{\"@type\":\"PropertyValueSpecification\",\"valueRequired\":true,\"valueName\":\"search_term_string\"}}],\"inLanguage\":\"es\"}]}<\/script>\n<!-- \/ Yoast SEO plugin. -->","yoast_head_json":{"title":"Alquiler de coches y tours - COSTA RICA GUESTHOUSE","robots":{"index":"index","follow":"follow","max-snippet":"max-snippet:-1","max-image-preview":"max-image-preview:large","max-video-preview":"max-video-preview:-1"},"canonical":"https:\/\/www.costa-rica-guesthouse.com\/tours-car-rentals\/","og_locale":"es_ES","og_type":"article","og_title":"Alquiler de coches y tours - COSTA RICA GUESTHOUSE","og_description":"Alquiler de coches y toursRAFTING RIO PACUARE Este viaje le brinda la mejor combinaci\u00f3n de exposici\u00f3n y emoci\u00f3n a la naturaleza. El r\u00edo Pacuare es mundialmente famoso por su belleza pr\u00edstina, una verdadera garganta fluvial flanqueada por empinadas paredes verdes, con continuos r\u00e1pidos de principio a fin. Distancia 30kms, n\u00famero de r\u00e1pidos 38, tiempo de [&hellip;]","og_url":"https:\/\/www.costa-rica-guesthouse.com\/tours-car-rentals\/","og_site_name":"COSTA RICA GUESTHOUSE","article_modified_time":"2024-01-18T23:12:06+00:00","og_image":[{"url":"https:\/\/www.costa-rica-guesthouse.com\/wp-content\/uploads\/2021\/04\/msg.png","type":"","width":"","height":""}],"twitter_card":"summary_large_image","twitter_misc":{"Tiempo de lectura":"7 minutos"},"schema":{"@context":"https:\/\/schema.org","@graph":[{"@type":"WebPage","@id":"https:\/\/www.costa-rica-guesthouse.com\/tours-car-rentals\/","url":"https:\/\/www.costa-rica-guesthouse.com\/tours-car-rentals\/","name":"Alquiler de coches y tours - COSTA RICA GUESTHOUSE","isPartOf":{"@id":"https:\/\/www.costa-rica-guesthouse.com\/#website"},"primaryImageOfPage":{"@id":"https:\/\/www.costa-rica-guesthouse.com\/tours-car-rentals\/#primaryimage"},"image":{"@id":"https:\/\/www.costa-rica-guesthouse.com\/tours-car-rentals\/#primaryimage"},"thumbnailUrl":"https:\/\/www.costa-rica-guesthouse.com\/wp-content\/uploads\/2021\/04\/msg.png","datePublished":"2021-03-31T16:19:48+00:00","dateModified":"2024-01-18T23:12:06+00:00","breadcrumb":{"@id":"https:\/\/www.costa-rica-guesthouse.com\/tours-car-rentals\/#breadcrumb"},"inLanguage":"es","potentialAction":[{"@type":"ReadAction","target":["https:\/\/www.costa-rica-guesthouse.com\/tours-car-rentals\/"]}]},{"@type":"ImageObject","inLanguage":"es","@id":"https:\/\/www.costa-rica-guesthouse.com\/tours-car-rentals\/#primaryimage","url":"https:\/\/www.costa-rica-guesthouse.com\/wp-content\/uploads\/2021\/04\/msg.png","contentUrl":"https:\/\/www.costa-rica-guesthouse.com\/wp-content\/uploads\/2021\/04\/msg.png"},{"@type":"BreadcrumbList","@id":"https:\/\/www.costa-rica-guesthouse.com\/tours-car-rentals\/#breadcrumb","itemListElement":[{"@type":"ListItem","position":1,"name":"Home","item":"https:\/\/www.costa-rica-guesthouse.com\/"},{"@type":"ListItem","position":2,"name":"Alquiler de coches y tours"}]},{"@type":"WebSite","@id":"https:\/\/www.costa-rica-guesthouse.com\/#website","url":"https:\/\/www.costa-rica-guesthouse.com\/","name":"COSTA RICA GUESTHOUSE","description":"San Jos\u00e9 Hotel Hostel","potentialAction":[{"@type":"SearchAction","target":{"@type":"EntryPoint","urlTemplate":"https:\/\/www.costa-rica-guesthouse.com\/?s={search_term_string}"},"query-input":{"@type":"PropertyValueSpecification","valueRequired":true,"valueName":"search_term_string"}}],"inLanguage":"es"}]}},"_links":{"self":[{"href":"https:\/\/www.costa-rica-guesthouse.com\/es\/wp-json\/wp\/v2\/pages\/1148","targetHints":{"allow":["GET"]}}],"collection":[{"href":"https:\/\/www.costa-rica-guesthouse.com\/es\/wp-json\/wp\/v2\/pages"}],"about":[{"href":"https:\/\/www.costa-rica-guesthouse.com\/es\/wp-json\/wp\/v2\/types\/page"}],"author":[{"embeddable":true,"href":"https:\/\/www.costa-rica-guesthouse.com\/es\/wp-json\/wp\/v2\/users\/1"}],"replies":[{"embeddable":true,"href":"https:\/\/www.costa-rica-guesthouse.com\/es\/wp-json\/wp\/v2\/comments?post=1148"}],"version-history":[{"count":0,"href":"https:\/\/www.costa-rica-guesthouse.com\/es\/wp-json\/wp\/v2\/pages\/1148\/revisions"}],"wp:attachment":[{"href":"https:\/\/www.costa-rica-guesthouse.com\/es\/wp-json\/wp\/v2\/media?parent=1148"}],"curies":[{"name":"wp","href":"https:\/\/api.w.org\/{rel}","templated":true}]}}