{"id":1036,"date":"2021-05-12T07:33:16","date_gmt":"2021-05-12T07:33:16","guid":{"rendered":"http:\/\/cyberstudioztesting.com\/costaricaguesthousesite\/moving-to-costa-rica\/"},"modified":"2024-01-18T23:12:05","modified_gmt":"2024-01-18T23:12:05","slug":"mudarse-a-costa-rica","status":"publish","type":"page","link":"https:\/\/www.costa-rica-guesthouse.com\/es\/mudarse-a-costa-rica\/","title":{"rendered":"Mudarse a Costa Rica"},"content":{"rendered":"<p>[et_pb_section fb_built=\u00bb1&#8243; admin_label=\u00bbHeader\u00bb _builder_version=\u00bb4.9.2&#8243; use_background_color_gradient=\u00bbon\u00bb background_color_gradient_start=\u00bbrgba(255,255,255,0.89)\u00bb background_color_gradient_end=\u00bbrgba(255,255,255,0)\u00bb background_color_gradient_type=\u00bbradial\u00bb background_color_gradient_direction_radial=\u00bbtop left\u00bb background_color_gradient_start_position=\u00bb30%\u00bb background_color_gradient_end_position=\u00bb80%\u00bb background_color_gradient_overlays_image=\u00bbon\u00bb background_image=\u00bbhttp:\/\/cyberstudioztesting.com\/costaricaguesthousesite\/wp-content\/uploads\/2021\/05\/MovingtoCostaRica.jpg\u00bb custom_margin=\u00bb|||\u00bb custom_padding=\u00bb8vw||8vw||true\u00bb][et_pb_row _builder_version=\u00bb3.25&#8243;][et_pb_column type=\u00bb4_4&#8243; _builder_version=\u00bb3.25&#8243; custom_padding=\u00bb|||\u00bb custom_padding__hover=\u00bb|||\u00bb][et_pb_text _builder_version=\u00bb4.9.2&#8243; text_font=\u00bb||||||||\u00bb header_font=\u00bb|700|||||||\u00bb header_font_size=\u00bb80px\u00bb header_line_height=\u00bb1.2em\u00bb header_5_font=\u00bbRaleway|700||on|||||\u00bb header_5_text_color=\u00bb#000000&#8243; header_5_font_size=\u00bb20px\u00bb header_5_letter_spacing=\u00bb0.5em\u00bb header_5_line_height=\u00bb1.8em\u00bb animation_style=\u00bbzoom\u00bb animation_intensity_zoom=\u00bb5%\u00bb header_font_size_tablet=\u00bb48px\u00bb header_font_size_phone=\u00bb32px\u00bb header_font_size_last_edited=\u00bbon|phone\u00bb header_5_font_size_tablet=\u00bb14px\u00bb header_5_font_size_phone=\u00bb12px\u00bb header_5_font_size_last_edited=\u00bbon|desktop\u00bb]<\/p>\n<h1>Mudarse a Costa Rica <\/h1>\n<p>[\/et_pb_text][\/et_pb_column][\/et_pb_row][\/et_pb_section][et_pb_section fb_built=\u00bb1&#8243; _builder_version=\u00bb4.9.2&#8243; custom_padding=\u00bb|||\u00bb locked=\u00bboff\u00bb][et_pb_row _builder_version=\u00bb4.9.2&#8243; custom_padding=\u00bb|||\u00bb][et_pb_column type=\u00bb4_4&#8243; _builder_version=\u00bb3.25&#8243; custom_padding=\u00bb|||\u00bb custom_padding__hover=\u00bb|||\u00bb][et_pb_cta button_url=\u00bb#TOP\u00bb _builder_version=\u00bb4.9.2&#8243; header_font=\u00bb|700|||||||\u00bb header_font_size=\u00bb44px\u00bb header_line_height=\u00bb1.5em\u00bb body_font=\u00bb||||||||\u00bb body_font_size=\u00bb17px\u00bb body_line_height=\u00bb2em\u00bb use_background_color=\u00bboff\u00bb custom_button=\u00bbon\u00bb button_text_size=\u00bb17px\u00bb button_text_color=\u00bb#ffffff\u00bb button_bg_color=\u00bb#ff6b5a\u00bb button_border_width=\u00bb5px\u00bb button_border_color=\u00bb#ff6b5a\u00bb button_border_radius=\u00bb100px\u00bb button_font=\u00bbNoto Sans|700||on|||||\u00bb button_use_icon=\u00bboff\u00bb text_orientation=\u00bbleft\u00bb background_layout=\u00bblight\u00bb custom_margin=\u00bb||||false|false\u00bb header_font_size_tablet=\u00bb\u00bb header_font_size_phone=\u00bb34px\u00bb header_font_size_last_edited=\u00bbon|phone\u00bb button_text_color_hover=\u00bb#ffffff\u00bb button_border_color_hover=\u00bb#ff9e59&#8243; button_bg_color_hover=\u00bb#ff9e59&#8243; button_text_size__hover_enabled=\u00bboff\u00bb button_one_text_size__hover_enabled=\u00bboff\u00bb button_two_text_size__hover_enabled=\u00bboff\u00bb button_text_color__hover_enabled=\u00bbon\u00bb button_text_color__hover=\u00bb#ffffff\u00bb button_one_text_color__hover_enabled=\u00bboff\u00bb button_two_text_color__hover_enabled=\u00bboff\u00bb button_border_width__hover_enabled=\u00bboff\u00bb button_one_border_width__hover_enabled=\u00bboff\u00bb button_two_border_width__hover_enabled=\u00bboff\u00bb button_border_color__hover_enabled=\u00bbon\u00bb button_border_color__hover=\u00bb#ff9e59&#8243; button_one_border_color__hover_enabled=\u00bboff\u00bb button_two_border_color__hover_enabled=\u00bboff\u00bb button_border_radius__hover_enabled=\u00bboff\u00bb button_one_border_radius__hover_enabled=\u00bboff\u00bb button_two_border_radius__hover_enabled=\u00bboff\u00bb button_letter_spacing__hover_enabled=\u00bboff\u00bb button_one_letter_spacing__hover_enabled=\u00bboff\u00bb button_two_letter_spacing__hover_enabled=\u00bboff\u00bb button_bg_color__hover_enabled=\u00bbon\u00bb button_bg_color__hover=\u00bb#ff9e59&#8243; button_one_bg_color__hover_enabled=\u00bboff\u00bb button_two_bg_color__hover_enabled=\u00bboff\u00bb]<\/p>\n<p style=\"text-align: left;\">Costa Rica es un destino ideal para los expatriados que sue\u00f1an con ir al extranjero para reconstruir sus vidas, rodeados de una naturaleza impresionante. Pa\u00eds pionero en ecoturismo, no faltan oportunidades en sectores relacionados con la protecci\u00f3n del medio ambiente.<br \/>\nLos tipos de visas otorgadas permiten que cualquier persona se establezca en el pa\u00eds y disfrute de una nueva vida intensa. Si se muda a Costa Rica por motivos de trabajo, necesitar\u00e1 un Permiso de residencia temporal para trabajadores. Este permiso se otorga a ejecutivos, gerentes, representantes de empresas extranjeras, miembros del clero, inversionistas, profesores, corresponsales, t\u00e9cnicos o cient\u00edficos que trabajen para una empresa acreditada por el servicio de inmigraci\u00f3n. Por lo tanto, necesitar\u00e1 una oferta de trabajo y una declaraci\u00f3n que explique por qu\u00e9 un extranjero est\u00e1 m\u00e1s calificado para el trabajo que un costarricense. La empresa que te contrate tambi\u00e9n deber\u00e1 aportar documentos para presentarte y ser\u00e1 totalmente responsable de tu estancia y salida. Deber\u00e1 salir de Costa Rica cuando expire su contrato, una vez que su permiso haya sido aprobado, deber\u00e1 hacer un dep\u00f3sito de US $ 100 y llevar el recibo al departamento de inmigraci\u00f3n para recogerlo. Dependiendo de su profesi\u00f3n, es posible que deba registrarse en un organismo profesional en Costa Rica. Tenga en cuenta que, por lo general, la tramitaci\u00f3n de una solicitud de residencia temporal demora de tres a seis meses. Su tarjeta de residente temporal (cedula de residencia) ser\u00e1 emitida por el Departamento de Inmigraci\u00f3n.<\/p>\n<h2>Programas de residencia<\/h2>\n<h1>Hay cuatro programas de residencia principales en Costa Rica:<\/h1>\n<ul>\n<li style=\"font-weight: 400;\">El programa de\u00a0<em>pensionado<\/em>\u00a0(jubilado) es para personas que reciben una pensi\u00f3n mensual de al menos US $ 1.000 de un plan de pensiones calificado.<\/li>\n<li style=\"font-weight: 400;\">El programa\u00a0<em>rentista<\/em>\u00a0(pensionado) es para aquellos que a\u00fan no est\u00e1n jubilados, pero que no necesitan trabajar en Costa Rica. Deber\u00e1n demostrar que tendr\u00e1n un ingreso (que no sea un salario) de al menos $ 2,500 por mes durante al menos dos a\u00f1os. Estos ingresos pueden provenir de inversiones u otras fuentes. El programa de anualidades tambi\u00e9n est\u00e1 abierto a personas con ahorros de al menos $ 60,000. Se deben depositar $ 30,000 cada a\u00f1o, durante dos a\u00f1os, en una cuenta costarricense.<\/li>\n<li style=\"font-weight: 400;\">El programa\u00a0<em>inversionista<\/em>(negocio \/ inversionista) es para personas que deseen invertir al menos US $ 200,000 en cualquier tipo de negocio o bienes ra\u00edces no comerciales en Costa Rica.<\/li>\n<li style=\"font-weight: 400;\">Le programme\u00a0<em>vinculo<\/em><br \/>\n(matrimonio \/ relaci\u00f3n) se refiere a personas casadas o que tienen una relaci\u00f3n de primer grado (c\u00f3nyuge, hijo, padre, hermano o hermana soltero) con un ciudadano costarricense que est\u00e9 dispuesto a patrocinar la residencia.<\/li>\n<\/ul>\n<p style=\"font-weight: 400;\">contact us at costaricaguesthouse@gmail.com<\/p>\n<p>[\/et_pb_cta][\/et_pb_column][\/et_pb_row][\/et_pb_section][et_pb_section fb_built=\u00bb1&#8243; admin_label=\u00bbUpcoming Trips\u00bb _builder_version=\u00bb4.9.2&#8243; custom_margin=\u00bb-200px||||false|false\u00bb custom_padding=\u00bb|0px||0px|false|false\u00bb][et_pb_row column_structure=\u00bb2_3,1_3&#8243; use_custom_gutter=\u00bbon\u00bb gutter_width=\u00bb2&#8243; admin_label=\u00bbUpcoming Trips Row\u00bb _builder_version=\u00bb4.9.2&#8243;][et_pb_column type=\u00bb2_3&#8243; _builder_version=\u00bb3.25&#8243; custom_padding=\u00bb|||\u00bb custom_padding__hover=\u00bb|||\u00bb][et_pb_text admin_label=\u00bbUpcoming Trip\u00bb _builder_version=\u00bb4.9.2&#8243; text_font=\u00bbNoto Sans|700|||||||\u00bb text_font_size=\u00bb17px\u00bb link_font=\u00bbNoto Serif||||on|||#ff6b5a|\u00bb link_text_color=\u00bb#ffffff\u00bb link_font_size=\u00bb30px\u00bb link_line_height=\u00bb1.5em\u00bb header_font=\u00bb||||||||\u00bb header_2_font=\u00bb||||||||\u00bb use_background_color_gradient=\u00bbon\u00bb background_color_gradient_start=\u00bbrgba(0,0,0,0)\u00bb background_color_gradient_end=\u00bb#000000&#8243; background_color_gradient_start_position=\u00bb60%\u00bb background_color_gradient_overlays_image=\u00bbon\u00bb background_image=\u00bbhttp:\/\/cyberstudioztesting.com\/costaricaguesthousesite\/wp-content\/uploads\/2021\/05\/IMG_8131-1.jpg\u00bb background_layout=\u00bbdark\u00bb custom_margin=\u00bb|||\u00bb custom_padding=\u00bb508px|25px|25px|25px|false|false\u00bb border_radii=\u00bbon|3px|3px|3px|3px\u00bb box_shadow_style=\u00bbpreset1&#8243; box_shadow_vertical=\u00bb52px\u00bb box_shadow_blur=\u00bb80px\u00bb box_shadow_color=\u00bbrgba(0,36,73,0.07)\u00bb locked=\u00bboff\u00bb][\/et_pb_text][et_pb_text admin_label=\u00bbUpcoming Trip\u00bb _builder_version=\u00bb4.9.2&#8243; text_font=\u00bbNoto Sans|700|||||||\u00bb text_font_size=\u00bb17px\u00bb link_font=\u00bbNoto Serif||||on|||#ff6b5a|\u00bb link_text_color=\u00bb#ffffff\u00bb link_font_size=\u00bb30px\u00bb link_line_height=\u00bb1.5em\u00bb header_font=\u00bb||||||||\u00bb header_2_font=\u00bb||||||||\u00bb use_background_color_gradient=\u00bbon\u00bb background_color_gradient_start=\u00bbrgba(0,0,0,0)\u00bb background_color_gradient_end=\u00bb#000000&#8243; background_color_gradient_start_position=\u00bb60%\u00bb background_color_gradient_overlays_image=\u00bbon\u00bb background_image=\u00bbhttp:\/\/cyberstudioztesting.com\/costaricaguesthousesite\/wp-content\/uploads\/2021\/08\/Visa-and-Residency-in-Costa-Rica.jpeg\u00bb background_layout=\u00bbdark\u00bb min_height=\u00bb1000px\u00bb height=\u00bb1000px\u00bb custom_margin=\u00bb|||\u00bb custom_padding=\u00bb508px|25px|25px|25px|false|false\u00bb border_radii=\u00bbon|3px|3px|3px|3px\u00bb box_shadow_style=\u00bbpreset1&#8243; box_shadow_vertical=\u00bb52px\u00bb box_shadow_blur=\u00bb80px\u00bb box_shadow_color=\u00bbrgba(0,36,73,0.07)\u00bb locked=\u00bboff\u00bb][\/et_pb_text][\/et_pb_column][et_pb_column type=\u00bb1_3&#8243; _builder_version=\u00bb3.25&#8243; custom_padding=\u00bb|||\u00bb custom_padding__hover=\u00bb|||\u00bb][et_pb_text admin_label=\u00bbUpcoming Trip\u00bb _builder_version=\u00bb4.9.2&#8243; text_font=\u00bbNoto Sans|700|||||||\u00bb text_font_size=\u00bb17px\u00bb link_font=\u00bbNoto Serif||||on|||#ff6b5a|\u00bb link_text_color=\u00bb#ffffff\u00bb link_font_size=\u00bb30px\u00bb link_line_height=\u00bb1.5em\u00bb header_font=\u00bb||||||||\u00bb header_2_font=\u00bb||||||||\u00bb use_background_color_gradient=\u00bbon\u00bb background_color_gradient_start=\u00bbrgba(0,0,0,0)\u00bb background_color_gradient_end=\u00bb#000000&#8243; background_color_gradient_start_position=\u00bb60%\u00bb background_color_gradient_overlays_image=\u00bbon\u00bb background_image=\u00bbhttp:\/\/cyberstudioztesting.com\/costaricaguesthousesite\/wp-content\/uploads\/2021\/05\/MovingtoCostaRica.jpg\u00bb background_layout=\u00bbdark\u00bb custom_margin=\u00bb|||\u00bb custom_padding=\u00bb200px|25px|25px|25px\u00bb border_radii=\u00bbon|3px|3px|3px|3px\u00bb box_shadow_style=\u00bbpreset1&#8243; box_shadow_vertical=\u00bb52px\u00bb box_shadow_blur=\u00bb80px\u00bb box_shadow_color=\u00bbrgba(0,36,73,0.07)\u00bb locked=\u00bboff\u00bb]Moving to Costa Rica[\/et_pb_text][et_pb_text admin_label=\u00bbUpcoming Trip\u00bb _builder_version=\u00bb4.9.2&#8243; text_font=\u00bbNoto Sans|700|||||||\u00bb text_font_size=\u00bb17px\u00bb link_font=\u00bbNoto Serif||||on|||#ff6b5a|\u00bb link_text_color=\u00bb#ffffff\u00bb link_font_size=\u00bb30px\u00bb link_line_height=\u00bb1.5em\u00bb header_font=\u00bb||||||||\u00bb header_2_font=\u00bb||||||||\u00bb use_background_color_gradient=\u00bbon\u00bb background_color_gradient_start=\u00bbrgba(0,0,0,0)\u00bb background_color_gradient_end=\u00bb#000000&#8243; background_color_gradient_start_position=\u00bb60%\u00bb background_color_gradient_overlays_image=\u00bbon\u00bb background_image=\u00bbhttp:\/\/cyberstudioztesting.com\/costaricaguesthousesite\/wp-content\/uploads\/2021\/05\/WeExpats-Guide-to-Moving-to-Costa-Rica.jpg\u00bb background_layout=\u00bbdark\u00bb custom_margin=\u00bb|||\u00bb custom_padding=\u00bb200px|25px|25px|25px\u00bb border_radii=\u00bbon|3px|3px|3px|3px\u00bb box_shadow_style=\u00bbpreset1&#8243; box_shadow_vertical=\u00bb52px\u00bb box_shadow_blur=\u00bb80px\u00bb box_shadow_color=\u00bbrgba(0,36,73,0.07)\u00bb locked=\u00bboff\u00bb]We Expats Guide to Moving to Costa Rica[\/et_pb_text][\/et_pb_column][\/et_pb_row][\/et_pb_section][et_pb_section fb_built=\u00bb1&#8243; module_id=\u00bbsocial-strip\u00bb _builder_version=\u00bb4.9.2&#8243; _module_preset=\u00bbdefault\u00bb background_color=\u00bb#E09900&#8243; saved_tabs=\u00bball\u00bb][et_pb_row column_structure=\u00bb1_3,1_3,1_3&#8243; _builder_version=\u00bb4.9.2&#8243; _module_preset=\u00bbdefault\u00bb][et_pb_column type=\u00bb1_3&#8243; _builder_version=\u00bb4.9.2&#8243; _module_preset=\u00bbdefault\u00bb][et_pb_text _builder_version=\u00bb4.9.2&#8243; _module_preset=\u00bbdefault\u00bb]<\/p>\n<div class=\"parent-news\">\n<img loading=\"lazy\" decoding=\"async\" src=\"https:\/\/www.costa-rica-guesthouse.com\/wp-content\/uploads\/2021\/04\/msg.png\" width=\"55\" height=\"42\" alt=\"\" class=\"wp-image-156 alignnone size-full\" \/> Novedades y ofertas<\/p>\n<p>[email-subscribers-form id=\u00bb1&#8243;]\n<\/p>\n<\/div>\n<p>[\/et_pb_text][\/et_pb_column][et_pb_column type=\u00bb1_3&#8243; _builder_version=\u00bb4.9.2&#8243; _module_preset=\u00bbdefault\u00bb][et_pb_social_media_follow _builder_version=\u00bb4.9.2&#8243; _module_preset=\u00bbdefault\u00bb][et_pb_social_media_follow_network social_network=\u00bbfacebook\u00bb url=\u00bbhttps:\/\/www.facebook.com\/crguesthouse\/\u00bb _builder_version=\u00bb4.9.2&#8243; _module_preset=\u00bbdefault\u00bb background_color=\u00bb#3b5998&#8243; follow_button=\u00bboff\u00bb url_new_window=\u00bbon\u00bb]facebook[\/et_pb_social_media_follow_network][et_pb_social_media_follow_network social_network=\u00bbinstagram\u00bb url=\u00bbhttps:\/\/www.instagram.com\/costaricaguesthousesanjose\/\u00bb _builder_version=\u00bb4.9.2&#8243; _module_preset=\u00bbdefault\u00bb background_color=\u00bb#ea2c59&#8243; follow_button=\u00bboff\u00bb url_new_window=\u00bbon\u00bb]instagram[\/et_pb_social_media_follow_network][et_pb_social_media_follow_network social_network=\u00bbtwitter\u00bb url=\u00bbhttps:\/\/twitter.com\/crguesthouse\u00bb _builder_version=\u00bb4.9.2&#8243; _module_preset=\u00bbdefault\u00bb background_color=\u00bb#00aced\u00bb follow_button=\u00bboff\u00bb url_new_window=\u00bbon\u00bb]twitter[\/et_pb_social_media_follow_network][et_pb_social_media_follow_network social_network=\u00bbyoutube\u00bb url=\u00bbhttps:\/\/www.youtube.com\/user\/crguesthouse\u00bb _builder_version=\u00bb4.9.2&#8243; _module_preset=\u00bbdefault\u00bb background_color=\u00bb#a82400&#8243; follow_button=\u00bboff\u00bb url_new_window=\u00bbon\u00bb]youtube[\/et_pb_social_media_follow_network][\/et_pb_social_media_follow][\/et_pb_column][et_pb_column type=\u00bb1_3&#8243; _builder_version=\u00bb4.9.2&#8243; _module_preset=\u00bbdefault\u00bb][et_pb_text _builder_version=\u00bb4.9.2&#8243; _module_preset=\u00bbdefault\u00bb]<\/p>\n<p><a href=\"https:\/\/www.tripadvisor.co.uk\/Hotel_Review-g309293-d1015724-Reviews-Costa_Rica_Guesthouse-San_Jose_San_Jose_Metro_Province_of_San_Jose.html\"><img loading=\"lazy\" decoding=\"async\" class=\"wp-image-579 alignnone size-medium\" src=\"https:\/\/www.costa-rica-guesthouse.com\/wp-content\/uploads\/2021\/06\/trip-adviser-300x139.png\" alt=\"\" width=\"300\" height=\"139\" srcset=\"https:\/\/www.costa-rica-guesthouse.com\/\/wp-content\/uploads\/2021\/06\/trip-adviser-300x139.png 300w, https:\/\/www.costa-rica-guesthouse.com\/\/wp-content\/uploads\/2021\/06\/trip-adviser-1024x475.png 1024w, https:\/\/www.costa-rica-guesthouse.com\/\/wp-content\/uploads\/2021\/06\/trip-adviser-768x356.png 768w, https:\/\/www.costa-rica-guesthouse.com\/\/wp-content\/uploads\/2021\/06\/trip-adviser-1080x501.png 1080w, https:\/\/www.costa-rica-guesthouse.com\/\/wp-content\/uploads\/2021\/06\/trip-adviser-980x455.png 980w, https:\/\/www.costa-rica-guesthouse.com\/\/wp-content\/uploads\/2021\/06\/trip-adviser-480x223.png 480w, https:\/\/www.costa-rica-guesthouse.com\/\/wp-content\/uploads\/2021\/06\/trip-adviser.png 1200w\" sizes=\"auto, (max-width: 300px) 100vw, 300px\" \/><\/a><\/p>\n<p>[\/et_pb_text][\/et_pb_column][\/et_pb_row][\/et_pb_section]<\/p>\n","protected":false},"excerpt":{"rendered":"<p>Mudarse a Costa Rica Costa Rica es un destino ideal para los expatriados que sue\u00f1an con ir al extranjero para reconstruir sus vidas, rodeados de una naturaleza impresionante. Pa\u00eds pionero en ecoturismo, no faltan oportunidades en sectores relacionados con la protecci\u00f3n del medio ambiente. Los tipos de visas otorgadas permiten que cualquier persona se establezca [&hellip;]<\/p>\n","protected":false},"author":1,"featured_media":0,"parent":0,"menu_order":0,"comment_status":"closed","ping_status":"closed","template":"","meta":{"_acf_changed":false,"_et_pb_use_builder":"on","_et_pb_old_content":"","_et_gb_content_width":"","footnotes":""},"class_list":["post-1036","page","type-page","status-publish","hentry"],"acf":[],"yoast_head":"<!-- This site is optimized with the Yoast SEO plugin v27.2 - https:\/\/yoast.com\/product\/yoast-seo-wordpress\/ -->\n<title>Mudarse a Costa Rica - COSTA RICA GUESTHOUSE<\/title>\n<meta name=\"robots\" content=\"index, follow, max-snippet:-1, max-image-preview:large, max-video-preview:-1\" \/>\n<link rel=\"canonical\" href=\"https:\/\/www.costa-rica-guesthouse.com\/moving-to-costa-rica\/\" \/>\n<meta property=\"og:locale\" content=\"es_ES\" \/>\n<meta property=\"og:type\" content=\"article\" \/>\n<meta property=\"og:title\" content=\"Mudarse a Costa Rica - COSTA RICA GUESTHOUSE\" \/>\n<meta property=\"og:description\" content=\"Mudarse a Costa Rica Costa Rica es un destino ideal para los expatriados que sue\u00f1an con ir al extranjero para reconstruir sus vidas, rodeados de una naturaleza impresionante. Pa\u00eds pionero en ecoturismo, no faltan oportunidades en sectores relacionados con la protecci\u00f3n del medio ambiente. Los tipos de visas otorgadas permiten que cualquier persona se establezca [&hellip;]\" \/>\n<meta property=\"og:url\" content=\"https:\/\/www.costa-rica-guesthouse.com\/moving-to-costa-rica\/\" \/>\n<meta property=\"og:site_name\" content=\"COSTA RICA GUESTHOUSE\" \/>\n<meta property=\"article:modified_time\" content=\"2024-01-18T23:12:05+00:00\" \/>\n<meta property=\"og:image\" content=\"https:\/\/www.costa-rica-guesthouse.com\/wp-content\/uploads\/2021\/04\/msg.png\" \/>\n<meta name=\"twitter:card\" content=\"summary_large_image\" \/>\n<meta name=\"twitter:label1\" content=\"Tiempo de lectura\" \/>\n\t<meta name=\"twitter:data1\" content=\"9 minutos\" \/>\n<script type=\"application\/ld+json\" class=\"yoast-schema-graph\">{\"@context\":\"https:\/\/schema.org\",\"@graph\":[{\"@type\":\"WebPage\",\"@id\":\"https:\/\/www.costa-rica-guesthouse.com\/moving-to-costa-rica\/\",\"url\":\"https:\/\/www.costa-rica-guesthouse.com\/moving-to-costa-rica\/\",\"name\":\"Mudarse a Costa Rica - COSTA RICA GUESTHOUSE\",\"isPartOf\":{\"@id\":\"https:\/\/www.costa-rica-guesthouse.com\/#website\"},\"primaryImageOfPage\":{\"@id\":\"https:\/\/www.costa-rica-guesthouse.com\/moving-to-costa-rica\/#primaryimage\"},\"image\":{\"@id\":\"https:\/\/www.costa-rica-guesthouse.com\/moving-to-costa-rica\/#primaryimage\"},\"thumbnailUrl\":\"https:\/\/www.costa-rica-guesthouse.com\/wp-content\/uploads\/2021\/04\/msg.png\",\"datePublished\":\"2021-05-12T07:33:16+00:00\",\"dateModified\":\"2024-01-18T23:12:05+00:00\",\"breadcrumb\":{\"@id\":\"https:\/\/www.costa-rica-guesthouse.com\/moving-to-costa-rica\/#breadcrumb\"},\"inLanguage\":\"es\",\"potentialAction\":[{\"@type\":\"ReadAction\",\"target\":[\"https:\/\/www.costa-rica-guesthouse.com\/moving-to-costa-rica\/\"]}]},{\"@type\":\"ImageObject\",\"inLanguage\":\"es\",\"@id\":\"https:\/\/www.costa-rica-guesthouse.com\/moving-to-costa-rica\/#primaryimage\",\"url\":\"https:\/\/www.costa-rica-guesthouse.com\/wp-content\/uploads\/2021\/04\/msg.png\",\"contentUrl\":\"https:\/\/www.costa-rica-guesthouse.com\/wp-content\/uploads\/2021\/04\/msg.png\"},{\"@type\":\"BreadcrumbList\",\"@id\":\"https:\/\/www.costa-rica-guesthouse.com\/moving-to-costa-rica\/#breadcrumb\",\"itemListElement\":[{\"@type\":\"ListItem\",\"position\":1,\"name\":\"Home\",\"item\":\"https:\/\/www.costa-rica-guesthouse.com\/\"},{\"@type\":\"ListItem\",\"position\":2,\"name\":\"Mudarse a Costa Rica\"}]},{\"@type\":\"WebSite\",\"@id\":\"https:\/\/www.costa-rica-guesthouse.com\/#website\",\"url\":\"https:\/\/www.costa-rica-guesthouse.com\/\",\"name\":\"COSTA RICA GUESTHOUSE\",\"description\":\"San Jos\u00e9 Hotel Hostel\",\"potentialAction\":[{\"@type\":\"SearchAction\",\"target\":{\"@type\":\"EntryPoint\",\"urlTemplate\":\"https:\/\/www.costa-rica-guesthouse.com\/?s={search_term_string}\"},\"query-input\":{\"@type\":\"PropertyValueSpecification\",\"valueRequired\":true,\"valueName\":\"search_term_string\"}}],\"inLanguage\":\"es\"}]}<\/script>\n<!-- \/ Yoast SEO plugin. -->","yoast_head_json":{"title":"Mudarse a Costa Rica - COSTA RICA GUESTHOUSE","robots":{"index":"index","follow":"follow","max-snippet":"max-snippet:-1","max-image-preview":"max-image-preview:large","max-video-preview":"max-video-preview:-1"},"canonical":"https:\/\/www.costa-rica-guesthouse.com\/moving-to-costa-rica\/","og_locale":"es_ES","og_type":"article","og_title":"Mudarse a Costa Rica - COSTA RICA GUESTHOUSE","og_description":"Mudarse a Costa Rica Costa Rica es un destino ideal para los expatriados que sue\u00f1an con ir al extranjero para reconstruir sus vidas, rodeados de una naturaleza impresionante. Pa\u00eds pionero en ecoturismo, no faltan oportunidades en sectores relacionados con la protecci\u00f3n del medio ambiente. Los tipos de visas otorgadas permiten que cualquier persona se establezca [&hellip;]","og_url":"https:\/\/www.costa-rica-guesthouse.com\/moving-to-costa-rica\/","og_site_name":"COSTA RICA GUESTHOUSE","article_modified_time":"2024-01-18T23:12:05+00:00","og_image":[{"url":"https:\/\/www.costa-rica-guesthouse.com\/wp-content\/uploads\/2021\/04\/msg.png","type":"","width":"","height":""}],"twitter_card":"summary_large_image","twitter_misc":{"Tiempo de lectura":"9 minutos"},"schema":{"@context":"https:\/\/schema.org","@graph":[{"@type":"WebPage","@id":"https:\/\/www.costa-rica-guesthouse.com\/moving-to-costa-rica\/","url":"https:\/\/www.costa-rica-guesthouse.com\/moving-to-costa-rica\/","name":"Mudarse a Costa Rica - COSTA RICA GUESTHOUSE","isPartOf":{"@id":"https:\/\/www.costa-rica-guesthouse.com\/#website"},"primaryImageOfPage":{"@id":"https:\/\/www.costa-rica-guesthouse.com\/moving-to-costa-rica\/#primaryimage"},"image":{"@id":"https:\/\/www.costa-rica-guesthouse.com\/moving-to-costa-rica\/#primaryimage"},"thumbnailUrl":"https:\/\/www.costa-rica-guesthouse.com\/wp-content\/uploads\/2021\/04\/msg.png","datePublished":"2021-05-12T07:33:16+00:00","dateModified":"2024-01-18T23:12:05+00:00","breadcrumb":{"@id":"https:\/\/www.costa-rica-guesthouse.com\/moving-to-costa-rica\/#breadcrumb"},"inLanguage":"es","potentialAction":[{"@type":"ReadAction","target":["https:\/\/www.costa-rica-guesthouse.com\/moving-to-costa-rica\/"]}]},{"@type":"ImageObject","inLanguage":"es","@id":"https:\/\/www.costa-rica-guesthouse.com\/moving-to-costa-rica\/#primaryimage","url":"https:\/\/www.costa-rica-guesthouse.com\/wp-content\/uploads\/2021\/04\/msg.png","contentUrl":"https:\/\/www.costa-rica-guesthouse.com\/wp-content\/uploads\/2021\/04\/msg.png"},{"@type":"BreadcrumbList","@id":"https:\/\/www.costa-rica-guesthouse.com\/moving-to-costa-rica\/#breadcrumb","itemListElement":[{"@type":"ListItem","position":1,"name":"Home","item":"https:\/\/www.costa-rica-guesthouse.com\/"},{"@type":"ListItem","position":2,"name":"Mudarse a Costa Rica"}]},{"@type":"WebSite","@id":"https:\/\/www.costa-rica-guesthouse.com\/#website","url":"https:\/\/www.costa-rica-guesthouse.com\/","name":"COSTA RICA GUESTHOUSE","description":"San Jos\u00e9 Hotel Hostel","potentialAction":[{"@type":"SearchAction","target":{"@type":"EntryPoint","urlTemplate":"https:\/\/www.costa-rica-guesthouse.com\/?s={search_term_string}"},"query-input":{"@type":"PropertyValueSpecification","valueRequired":true,"valueName":"search_term_string"}}],"inLanguage":"es"}]}},"_links":{"self":[{"href":"https:\/\/www.costa-rica-guesthouse.com\/es\/wp-json\/wp\/v2\/pages\/1036","targetHints":{"allow":["GET"]}}],"collection":[{"href":"https:\/\/www.costa-rica-guesthouse.com\/es\/wp-json\/wp\/v2\/pages"}],"about":[{"href":"https:\/\/www.costa-rica-guesthouse.com\/es\/wp-json\/wp\/v2\/types\/page"}],"author":[{"embeddable":true,"href":"https:\/\/www.costa-rica-guesthouse.com\/es\/wp-json\/wp\/v2\/users\/1"}],"replies":[{"embeddable":true,"href":"https:\/\/www.costa-rica-guesthouse.com\/es\/wp-json\/wp\/v2\/comments?post=1036"}],"version-history":[{"count":0,"href":"https:\/\/www.costa-rica-guesthouse.com\/es\/wp-json\/wp\/v2\/pages\/1036\/revisions"}],"wp:attachment":[{"href":"https:\/\/www.costa-rica-guesthouse.com\/es\/wp-json\/wp\/v2\/media?parent=1036"}],"curies":[{"name":"wp","href":"https:\/\/api.w.org\/{rel}","templated":true}]}}