{"id":1020,"date":"2021-03-31T16:21:28","date_gmt":"2021-03-31T16:21:28","guid":{"rendered":"http:\/\/cyberstudioztesting.com\/costaricaguesthousesite\/medical-tourism\/"},"modified":"2024-01-18T23:12:05","modified_gmt":"2024-01-18T23:12:05","slug":"turismo-medico","status":"publish","type":"page","link":"https:\/\/www.costa-rica-guesthouse.com\/es\/turismo-medico\/","title":{"rendered":"Turismo m\u00e9dico"},"content":{"rendered":"<p>[et_pb_section fb_built=\u00bb1&#8243; admin_label=\u00bbHeader\u00bb _builder_version=\u00bb3.22&#8243; use_background_color_gradient=\u00bbon\u00bb background_color_gradient_start=\u00bbrgba(255,255,255,0.89)\u00bb background_color_gradient_end=\u00bbrgba(255,255,255,0)\u00bb background_color_gradient_type=\u00bbradial\u00bb background_color_gradient_direction_radial=\u00bbtop left\u00bb background_color_gradient_start_position=\u00bb30%\u00bb background_color_gradient_end_position=\u00bb80%\u00bb background_color_gradient_overlays_image=\u00bbon\u00bb background_image=\u00bbhttp:\/\/cyberstudioztesting.com\/costaricaguesthousesite\/wp-content\/uploads\/2021\/05\/bed-and-breakfast-21.jpg\u00bb custom_margin=\u00bb|||\u00bb custom_padding=\u00bb8vw|0px|0|0px|false|false\u00bb locked=\u00bboff\u00bb][et_pb_row _builder_version=\u00bb3.25&#8243;][et_pb_column type=\u00bb4_4&#8243; _builder_version=\u00bb3.25&#8243; custom_padding=\u00bb|||\u00bb custom_padding__hover=\u00bb|||\u00bb][et_pb_text _builder_version=\u00bb4.9.2&#8243; text_font=\u00bb||||||||\u00bb header_font=\u00bb|700|||||||\u00bb header_font_size=\u00bb80px\u00bb header_line_height=\u00bb1.2em\u00bb header_5_font=\u00bbRaleway|700||on|||||\u00bb header_5_text_color=\u00bb#000000&#8243; header_5_font_size=\u00bb20px\u00bb header_5_letter_spacing=\u00bb0.5em\u00bb header_5_line_height=\u00bb1.8em\u00bb animation_style=\u00bbzoom\u00bb animation_intensity_zoom=\u00bb5%\u00bb hover_enabled=\u00bb0&#8243; header_font_size_tablet=\u00bb48px\u00bb header_font_size_phone=\u00bb32px\u00bb header_font_size_last_edited=\u00bbon|phone\u00bb header_5_font_size_tablet=\u00bb14px\u00bb header_5_font_size_phone=\u00bb12px\u00bb header_5_font_size_last_edited=\u00bbon|desktop\u00bb sticky_enabled=\u00bb0&#8243;]<\/p>\n<h1>TURISMO M\u00c9DICO EN COSTA RICA<\/h1>\n<p>[\/et_pb_text][\/et_pb_column][\/et_pb_row][\/et_pb_section][et_pb_section fb_built=\u00bb1&#8243; admin_label=\u00bbHistory\u00bb _builder_version=\u00bb3.22&#8243;][et_pb_row column_structure=\u00bb3_5,2_5&#8243; _builder_version=\u00bb4.9.2&#8243; _module_preset=\u00bbdefault\u00bb][et_pb_column type=\u00bb3_5&#8243; _builder_version=\u00bb4.9.2&#8243; _module_preset=\u00bbdefault\u00bb][et_pb_text _builder_version=\u00bb4.9.2&#8243; text_font=\u00bb||||||||\u00bb text_font_size=\u00bb16px\u00bb text_line_height=\u00bb2em\u00bb header_font=\u00bb||||||||\u00bb header_2_font=\u00bb|700|||||||\u00bb header_2_font_size=\u00bb50px\u00bb header_2_line_height=\u00bb1.2em\u00bb header_6_font=\u00bbRaleway|700||on|||||\u00bb header_6_font_size=\u00bb16px\u00bb header_6_letter_spacing=\u00bb5px\u00bb header_6_line_height=\u00bb1.8em\u00bb text_orientation=\u00bbcenter\u00bb max_width=\u00bb700px\u00bb module_alignment=\u00bbcenter\u00bb hover_enabled=\u00bb0&#8243; header_2_font_size_tablet=\u00bb35px\u00bb header_2_font_size_phone=\u00bb25px\u00bb header_2_font_size_last_edited=\u00bbon|phone\u00bb sticky_enabled=\u00bb0&#8243;]<\/p>\n<h2 style=\"text-align: left;\">TURISMO M\u00c9DICO EN COSTA RICA<\/h2>\n<p style=\"text-align: left;\">El turismo m\u00e9dico de r\u00e1pido crecimiento en Costa Rica debe su existencia a los turistas de los EE. UU. Y Canad\u00e1 que viajan principalmente para obtener servicios m\u00e9dicos &#038; procedimientos quir\u00fargicos realizados en el extranjero. Muchos factores \u00fanicos hacen de la atenci\u00f3n m\u00e9dica de Costa Rica un destino de viaje m\u00e9dico preferido.<\/p>\n<p style=\"text-align: left;\">Los tratamientos m\u00e9dicos suelen ser entre un 50 y un 70% m\u00e1s baratos que en los EE. UU. Y nadie tiene que esperar su turno para la cirug\u00eda.<\/p>\n<p style=\"text-align: left;\">F\u00e1cilmente accesible desde EE. UU. Y Canad\u00e1. Hay vuelos frecuentes desde ciudades importantes en ambos pa\u00edses. Adem\u00e1s, los estadounidenses, canadienses y la mayor\u00eda de los europeos que permanezcan en Costa Rica por menos de 90 d\u00edas no requieren visa. Necesitan un pasaporte v\u00e1lido por al menos 30 d\u00edas.<\/p>\n<p style=\"text-align: left;\">La ubicaci\u00f3n geogr\u00e1fica \u00fanica de Costa Rica &#8211; tiene el oc\u00e9ano Pac\u00edfico por un lado y el mar Caribe por el otro &#8211; la ha dotado de hermosas playas v\u00edrgenes, exuberantes monta\u00f1as verdes formadas por pasadas erupciones volc\u00e1nicas, densas selvas tropicales, lagos y r\u00edos. Todo esto ayuda a mantener una de las formas de vida animal y vegetal m\u00e1s diversas del planeta. Costa Rica tambi\u00e9n tiene muchos volcanes activos y aguas termales. La mayor\u00eda de los destinos de turismo m\u00e9dico no son ideales para unas vacaciones o unas vacaciones tur\u00edsticas, no en el caso de Costa Rica, que no solo es un gran destino de atenci\u00f3n m\u00e9dica, sino tambi\u00e9n un destino tur\u00edstico popular. (Fuente de la Corporaci\u00f3n de Turismo M\u00e9dico).<br \/>\nSitio web : ttp:\/\/www.medicaltourismco.com\/<\/p>\n<p>[\/et_pb_text][\/et_pb_column][et_pb_column type=\u00bb2_5&#8243; _builder_version=\u00bb4.9.2&#8243; _module_preset=\u00bbdefault\u00bb][et_pb_image src=\u00bbhttp:\/\/cyberstudioztesting.com\/costaricaguesthousesite\/wp-content\/uploads\/2021\/05\/0001.jpg\u00bb title_text=\u00bb0001&#8243; _builder_version=\u00bb4.9.2&#8243; _module_preset=\u00bbdefault\u00bb][\/et_pb_image][\/et_pb_column][\/et_pb_row][et_pb_row column_structure=\u00bb1_5,1_5,1_5,1_5,1_5&#8243; use_custom_gutter=\u00bbon\u00bb gutter_width=\u00bb2&#8243; _builder_version=\u00bb3.25&#8243;][et_pb_column type=\u00bb1_5&#8243; _builder_version=\u00bb3.25&#8243; custom_padding=\u00bb|||\u00bb custom_padding__hover=\u00bb|||\u00bb][et_pb_image src=\u00bbhttp:\/\/cyberstudioztesting.com\/costaricaguesthousesite\/wp-content\/uploads\/2021\/05\/medical-tourism-costa-rica-do-it-here-820&#215;440-1.jpg\u00bb title_text=\u00bbmedical-tourism-costa-rica-do-it-here-820&#215;440&#8243; show_in_lightbox=\u00bbon\u00bb use_overlay=\u00bbon\u00bb overlay_icon_color=\u00bb#b2b9c4&#8243; align_tablet=\u00bbcenter\u00bb align_phone=\u00bb\u00bb align_last_edited=\u00bbon|desktop\u00bb _builder_version=\u00bb4.9.2&#8243; locked=\u00bboff\u00bb][\/et_pb_image][\/et_pb_column][et_pb_column type=\u00bb1_5&#8243; _builder_version=\u00bb3.25&#8243; custom_padding=\u00bb|||\u00bb custom_padding__hover=\u00bb|||\u00bb][et_pb_image src=\u00bbhttp:\/\/cyberstudioztesting.com\/costaricaguesthousesite\/wp-content\/uploads\/2021\/05\/Medical-Tourism.jpg\u00bb title_text=\u00bbMedical-Tourism\u00bb show_in_lightbox=\u00bbon\u00bb use_overlay=\u00bbon\u00bb overlay_icon_color=\u00bb#b2b9c4&#8243; align_tablet=\u00bbcenter\u00bb align_phone=\u00bb\u00bb align_last_edited=\u00bbon|desktop\u00bb _builder_version=\u00bb4.9.2&#8243; locked=\u00bboff\u00bb][\/et_pb_image][\/et_pb_column][et_pb_column type=\u00bb1_5&#8243; _builder_version=\u00bb3.25&#8243; custom_padding=\u00bb|||\u00bb custom_padding__hover=\u00bb|||\u00bb][et_pb_image src=\u00bbhttp:\/\/cyberstudioztesting.com\/costaricaguesthousesite\/wp-content\/uploads\/2021\/05\/medicaltourism.jpg\u00bb title_text=\u00bbmedical tourism vector background\u00bb show_in_lightbox=\u00bbon\u00bb use_overlay=\u00bbon\u00bb overlay_icon_color=\u00bb#b2b9c4&#8243; align_tablet=\u00bbcenter\u00bb align_phone=\u00bb\u00bb align_last_edited=\u00bbon|desktop\u00bb _builder_version=\u00bb4.9.2&#8243; locked=\u00bboff\u00bb][\/et_pb_image][\/et_pb_column][et_pb_column type=\u00bb1_5&#8243; _builder_version=\u00bb3.25&#8243; custom_padding=\u00bb|||\u00bb custom_padding__hover=\u00bb|||\u00bb][et_pb_image src=\u00bbhttp:\/\/cyberstudioztesting.com\/costaricaguesthousesite\/wp-content\/uploads\/2021\/05\/Medical-Tourism-in-Costa-Rica-Affordable-Medical-Procedures-in-Costa-Rica.png\u00bb title_text=\u00bbMedical-Tourism-in-Costa-Rica-Affordable-Medical-Procedures-in-Costa-Rica\u00bb show_in_lightbox=\u00bbon\u00bb use_overlay=\u00bbon\u00bb overlay_icon_color=\u00bb#b2b9c4&#8243; align_tablet=\u00bbcenter\u00bb align_phone=\u00bb\u00bb align_last_edited=\u00bbon|desktop\u00bb _builder_version=\u00bb4.9.2&#8243; locked=\u00bboff\u00bb][\/et_pb_image][\/et_pb_column][et_pb_column type=\u00bb1_5&#8243; _builder_version=\u00bb3.25&#8243; custom_padding=\u00bb|||\u00bb custom_padding__hover=\u00bb|||\u00bb][et_pb_image src=\u00bbhttp:\/\/cyberstudioztesting.com\/costaricaguesthousesite\/wp-content\/uploads\/2021\/05\/bed-and-breakfast-13.jpg\u00bb show_in_lightbox=\u00bbon\u00bb use_overlay=\u00bbon\u00bb overlay_icon_color=\u00bb#b2b9c4&#8243; align_tablet=\u00bbcenter\u00bb align_phone=\u00bb\u00bb align_last_edited=\u00bbon|desktop\u00bb _builder_version=\u00bb3.23&#8243; locked=\u00bboff\u00bb][\/et_pb_image][\/et_pb_column][\/et_pb_row][\/et_pb_section][et_pb_section fb_built=\u00bb1&#8243; module_id=\u00bbsocial-strip\u00bb _builder_version=\u00bb4.9.2&#8243; _module_preset=\u00bbdefault\u00bb background_color=\u00bb#E09900&#8243; saved_tabs=\u00bball\u00bb][et_pb_row column_structure=\u00bb1_3,1_3,1_3&#8243; _builder_version=\u00bb4.9.2&#8243; _module_preset=\u00bbdefault\u00bb][et_pb_column type=\u00bb1_3&#8243; _builder_version=\u00bb4.9.2&#8243; _module_preset=\u00bbdefault\u00bb][et_pb_text _builder_version=\u00bb4.9.2&#8243; _module_preset=\u00bbdefault\u00bb]<\/p>\n<div class=\"parent-news\">\n<img loading=\"lazy\" decoding=\"async\" src=\"https:\/\/www.costa-rica-guesthouse.com\/wp-content\/uploads\/2021\/04\/msg.png\" width=\"55\" height=\"42\" alt=\"\" class=\"wp-image-156 alignnone size-full\" \/> Novedades y ofertas<\/p>\n<p>[email-subscribers-form id=\u00bb1&#8243;]\n<\/p>\n<\/div>\n<p>[\/et_pb_text][\/et_pb_column][et_pb_column type=\u00bb1_3&#8243; _builder_version=\u00bb4.9.2&#8243; _module_preset=\u00bbdefault\u00bb][et_pb_social_media_follow _builder_version=\u00bb4.9.2&#8243; _module_preset=\u00bbdefault\u00bb][et_pb_social_media_follow_network social_network=\u00bbfacebook\u00bb url=\u00bbhttps:\/\/www.facebook.com\/crguesthouse\/\u00bb _builder_version=\u00bb4.9.2&#8243; _module_preset=\u00bbdefault\u00bb background_color=\u00bb#3b5998&#8243; follow_button=\u00bboff\u00bb url_new_window=\u00bbon\u00bb]facebook[\/et_pb_social_media_follow_network][et_pb_social_media_follow_network social_network=\u00bbinstagram\u00bb url=\u00bbhttps:\/\/www.instagram.com\/costaricaguesthousesanjose\/\u00bb _builder_version=\u00bb4.9.2&#8243; _module_preset=\u00bbdefault\u00bb background_color=\u00bb#ea2c59&#8243; follow_button=\u00bboff\u00bb url_new_window=\u00bbon\u00bb]instagram[\/et_pb_social_media_follow_network][et_pb_social_media_follow_network social_network=\u00bbtwitter\u00bb url=\u00bbhttps:\/\/twitter.com\/crguesthouse\u00bb _builder_version=\u00bb4.9.2&#8243; _module_preset=\u00bbdefault\u00bb background_color=\u00bb#00aced\u00bb follow_button=\u00bboff\u00bb url_new_window=\u00bbon\u00bb]twitter[\/et_pb_social_media_follow_network][et_pb_social_media_follow_network social_network=\u00bbyoutube\u00bb url=\u00bbhttps:\/\/www.youtube.com\/user\/crguesthouse\u00bb _builder_version=\u00bb4.9.2&#8243; _module_preset=\u00bbdefault\u00bb background_color=\u00bb#a82400&#8243; follow_button=\u00bboff\u00bb url_new_window=\u00bbon\u00bb]youtube[\/et_pb_social_media_follow_network][\/et_pb_social_media_follow][\/et_pb_column][et_pb_column type=\u00bb1_3&#8243; _builder_version=\u00bb4.9.2&#8243; _module_preset=\u00bbdefault\u00bb][et_pb_text _builder_version=\u00bb4.9.2&#8243; _module_preset=\u00bbdefault\u00bb]<\/p>\n<p><a href=\"https:\/\/www.tripadvisor.co.uk\/Hotel_Review-g309293-d1015724-Reviews-Costa_Rica_Guesthouse-San_Jose_San_Jose_Metro_Province_of_San_Jose.html\"><img loading=\"lazy\" decoding=\"async\" class=\"wp-image-579 alignnone size-medium\" src=\"https:\/\/www.costa-rica-guesthouse.com\/wp-content\/uploads\/2021\/06\/trip-adviser-300x139.png\" alt=\"\" width=\"300\" height=\"139\" srcset=\"https:\/\/www.costa-rica-guesthouse.com\/\/wp-content\/uploads\/2021\/06\/trip-adviser-300x139.png 300w, https:\/\/www.costa-rica-guesthouse.com\/\/wp-content\/uploads\/2021\/06\/trip-adviser-1024x475.png 1024w, https:\/\/www.costa-rica-guesthouse.com\/\/wp-content\/uploads\/2021\/06\/trip-adviser-768x356.png 768w, https:\/\/www.costa-rica-guesthouse.com\/\/wp-content\/uploads\/2021\/06\/trip-adviser-1080x501.png 1080w, https:\/\/www.costa-rica-guesthouse.com\/\/wp-content\/uploads\/2021\/06\/trip-adviser-980x455.png 980w, https:\/\/www.costa-rica-guesthouse.com\/\/wp-content\/uploads\/2021\/06\/trip-adviser-480x223.png 480w, https:\/\/www.costa-rica-guesthouse.com\/\/wp-content\/uploads\/2021\/06\/trip-adviser.png 1200w\" sizes=\"auto, (max-width: 300px) 100vw, 300px\" \/><\/a><\/p>\n<p>[\/et_pb_text][\/et_pb_column][\/et_pb_row][\/et_pb_section]<\/p>\n","protected":false},"excerpt":{"rendered":"<p>TURISMO M\u00c9DICO EN COSTA RICATURISMO M\u00c9DICO EN COSTA RICA El turismo m\u00e9dico de r\u00e1pido crecimiento en Costa Rica debe su existencia a los turistas de los EE. UU. Y Canad\u00e1 que viajan principalmente para obtener servicios m\u00e9dicos &#038; procedimientos quir\u00fargicos realizados en el extranjero. Muchos factores \u00fanicos hacen de la atenci\u00f3n m\u00e9dica de Costa Rica [&hellip;]<\/p>\n","protected":false},"author":1,"featured_media":0,"parent":0,"menu_order":0,"comment_status":"closed","ping_status":"closed","template":"","meta":{"_acf_changed":false,"_et_pb_use_builder":"on","_et_pb_old_content":"","_et_gb_content_width":"","footnotes":""},"class_list":["post-1020","page","type-page","status-publish","hentry"],"acf":[],"yoast_head":"<!-- This site is optimized with the Yoast SEO plugin v27.2 - https:\/\/yoast.com\/product\/yoast-seo-wordpress\/ -->\n<title>Turismo m\u00e9dico - COSTA RICA GUESTHOUSE<\/title>\n<meta name=\"robots\" content=\"index, follow, max-snippet:-1, max-image-preview:large, max-video-preview:-1\" \/>\n<link rel=\"canonical\" href=\"https:\/\/www.costa-rica-guesthouse.com\/medical-tourism\/\" \/>\n<meta property=\"og:locale\" content=\"es_ES\" \/>\n<meta property=\"og:type\" content=\"article\" \/>\n<meta property=\"og:title\" content=\"Turismo m\u00e9dico - COSTA RICA GUESTHOUSE\" \/>\n<meta property=\"og:description\" content=\"TURISMO M\u00c9DICO EN COSTA RICATURISMO M\u00c9DICO EN COSTA RICA El turismo m\u00e9dico de r\u00e1pido crecimiento en Costa Rica debe su existencia a los turistas de los EE. UU. Y Canad\u00e1 que viajan principalmente para obtener servicios m\u00e9dicos &amp; procedimientos quir\u00fargicos realizados en el extranjero. Muchos factores \u00fanicos hacen de la atenci\u00f3n m\u00e9dica de Costa Rica [&hellip;]\" \/>\n<meta property=\"og:url\" content=\"https:\/\/www.costa-rica-guesthouse.com\/medical-tourism\/\" \/>\n<meta property=\"og:site_name\" content=\"COSTA RICA GUESTHOUSE\" \/>\n<meta property=\"article:modified_time\" content=\"2024-01-18T23:12:05+00:00\" \/>\n<meta property=\"og:image\" content=\"https:\/\/www.costa-rica-guesthouse.com\/wp-content\/uploads\/2021\/04\/msg.png\" \/>\n<meta name=\"twitter:card\" content=\"summary_large_image\" \/>\n<meta name=\"twitter:label1\" content=\"Tiempo de lectura\" \/>\n\t<meta name=\"twitter:data1\" content=\"6 minutos\" \/>\n<script type=\"application\/ld+json\" class=\"yoast-schema-graph\">{\"@context\":\"https:\/\/schema.org\",\"@graph\":[{\"@type\":\"WebPage\",\"@id\":\"https:\/\/www.costa-rica-guesthouse.com\/medical-tourism\/\",\"url\":\"https:\/\/www.costa-rica-guesthouse.com\/medical-tourism\/\",\"name\":\"Turismo m\u00e9dico - COSTA RICA GUESTHOUSE\",\"isPartOf\":{\"@id\":\"https:\/\/www.costa-rica-guesthouse.com\/#website\"},\"primaryImageOfPage\":{\"@id\":\"https:\/\/www.costa-rica-guesthouse.com\/medical-tourism\/#primaryimage\"},\"image\":{\"@id\":\"https:\/\/www.costa-rica-guesthouse.com\/medical-tourism\/#primaryimage\"},\"thumbnailUrl\":\"https:\/\/www.costa-rica-guesthouse.com\/wp-content\/uploads\/2021\/04\/msg.png\",\"datePublished\":\"2021-03-31T16:21:28+00:00\",\"dateModified\":\"2024-01-18T23:12:05+00:00\",\"breadcrumb\":{\"@id\":\"https:\/\/www.costa-rica-guesthouse.com\/medical-tourism\/#breadcrumb\"},\"inLanguage\":\"es\",\"potentialAction\":[{\"@type\":\"ReadAction\",\"target\":[\"https:\/\/www.costa-rica-guesthouse.com\/medical-tourism\/\"]}]},{\"@type\":\"ImageObject\",\"inLanguage\":\"es\",\"@id\":\"https:\/\/www.costa-rica-guesthouse.com\/medical-tourism\/#primaryimage\",\"url\":\"https:\/\/www.costa-rica-guesthouse.com\/wp-content\/uploads\/2021\/04\/msg.png\",\"contentUrl\":\"https:\/\/www.costa-rica-guesthouse.com\/wp-content\/uploads\/2021\/04\/msg.png\"},{\"@type\":\"BreadcrumbList\",\"@id\":\"https:\/\/www.costa-rica-guesthouse.com\/medical-tourism\/#breadcrumb\",\"itemListElement\":[{\"@type\":\"ListItem\",\"position\":1,\"name\":\"Home\",\"item\":\"https:\/\/www.costa-rica-guesthouse.com\/\"},{\"@type\":\"ListItem\",\"position\":2,\"name\":\"Turismo m\u00e9dico\"}]},{\"@type\":\"WebSite\",\"@id\":\"https:\/\/www.costa-rica-guesthouse.com\/#website\",\"url\":\"https:\/\/www.costa-rica-guesthouse.com\/\",\"name\":\"COSTA RICA GUESTHOUSE\",\"description\":\"San Jos\u00e9 Hotel Hostel\",\"potentialAction\":[{\"@type\":\"SearchAction\",\"target\":{\"@type\":\"EntryPoint\",\"urlTemplate\":\"https:\/\/www.costa-rica-guesthouse.com\/?s={search_term_string}\"},\"query-input\":{\"@type\":\"PropertyValueSpecification\",\"valueRequired\":true,\"valueName\":\"search_term_string\"}}],\"inLanguage\":\"es\"}]}<\/script>\n<!-- \/ Yoast SEO plugin. -->","yoast_head_json":{"title":"Turismo m\u00e9dico - COSTA RICA GUESTHOUSE","robots":{"index":"index","follow":"follow","max-snippet":"max-snippet:-1","max-image-preview":"max-image-preview:large","max-video-preview":"max-video-preview:-1"},"canonical":"https:\/\/www.costa-rica-guesthouse.com\/medical-tourism\/","og_locale":"es_ES","og_type":"article","og_title":"Turismo m\u00e9dico - COSTA RICA GUESTHOUSE","og_description":"TURISMO M\u00c9DICO EN COSTA RICATURISMO M\u00c9DICO EN COSTA RICA El turismo m\u00e9dico de r\u00e1pido crecimiento en Costa Rica debe su existencia a los turistas de los EE. UU. Y Canad\u00e1 que viajan principalmente para obtener servicios m\u00e9dicos & procedimientos quir\u00fargicos realizados en el extranjero. Muchos factores \u00fanicos hacen de la atenci\u00f3n m\u00e9dica de Costa Rica [&hellip;]","og_url":"https:\/\/www.costa-rica-guesthouse.com\/medical-tourism\/","og_site_name":"COSTA RICA GUESTHOUSE","article_modified_time":"2024-01-18T23:12:05+00:00","og_image":[{"url":"https:\/\/www.costa-rica-guesthouse.com\/wp-content\/uploads\/2021\/04\/msg.png","type":"","width":"","height":""}],"twitter_card":"summary_large_image","twitter_misc":{"Tiempo de lectura":"6 minutos"},"schema":{"@context":"https:\/\/schema.org","@graph":[{"@type":"WebPage","@id":"https:\/\/www.costa-rica-guesthouse.com\/medical-tourism\/","url":"https:\/\/www.costa-rica-guesthouse.com\/medical-tourism\/","name":"Turismo m\u00e9dico - COSTA RICA GUESTHOUSE","isPartOf":{"@id":"https:\/\/www.costa-rica-guesthouse.com\/#website"},"primaryImageOfPage":{"@id":"https:\/\/www.costa-rica-guesthouse.com\/medical-tourism\/#primaryimage"},"image":{"@id":"https:\/\/www.costa-rica-guesthouse.com\/medical-tourism\/#primaryimage"},"thumbnailUrl":"https:\/\/www.costa-rica-guesthouse.com\/wp-content\/uploads\/2021\/04\/msg.png","datePublished":"2021-03-31T16:21:28+00:00","dateModified":"2024-01-18T23:12:05+00:00","breadcrumb":{"@id":"https:\/\/www.costa-rica-guesthouse.com\/medical-tourism\/#breadcrumb"},"inLanguage":"es","potentialAction":[{"@type":"ReadAction","target":["https:\/\/www.costa-rica-guesthouse.com\/medical-tourism\/"]}]},{"@type":"ImageObject","inLanguage":"es","@id":"https:\/\/www.costa-rica-guesthouse.com\/medical-tourism\/#primaryimage","url":"https:\/\/www.costa-rica-guesthouse.com\/wp-content\/uploads\/2021\/04\/msg.png","contentUrl":"https:\/\/www.costa-rica-guesthouse.com\/wp-content\/uploads\/2021\/04\/msg.png"},{"@type":"BreadcrumbList","@id":"https:\/\/www.costa-rica-guesthouse.com\/medical-tourism\/#breadcrumb","itemListElement":[{"@type":"ListItem","position":1,"name":"Home","item":"https:\/\/www.costa-rica-guesthouse.com\/"},{"@type":"ListItem","position":2,"name":"Turismo m\u00e9dico"}]},{"@type":"WebSite","@id":"https:\/\/www.costa-rica-guesthouse.com\/#website","url":"https:\/\/www.costa-rica-guesthouse.com\/","name":"COSTA RICA GUESTHOUSE","description":"San Jos\u00e9 Hotel Hostel","potentialAction":[{"@type":"SearchAction","target":{"@type":"EntryPoint","urlTemplate":"https:\/\/www.costa-rica-guesthouse.com\/?s={search_term_string}"},"query-input":{"@type":"PropertyValueSpecification","valueRequired":true,"valueName":"search_term_string"}}],"inLanguage":"es"}]}},"_links":{"self":[{"href":"https:\/\/www.costa-rica-guesthouse.com\/es\/wp-json\/wp\/v2\/pages\/1020","targetHints":{"allow":["GET"]}}],"collection":[{"href":"https:\/\/www.costa-rica-guesthouse.com\/es\/wp-json\/wp\/v2\/pages"}],"about":[{"href":"https:\/\/www.costa-rica-guesthouse.com\/es\/wp-json\/wp\/v2\/types\/page"}],"author":[{"embeddable":true,"href":"https:\/\/www.costa-rica-guesthouse.com\/es\/wp-json\/wp\/v2\/users\/1"}],"replies":[{"embeddable":true,"href":"https:\/\/www.costa-rica-guesthouse.com\/es\/wp-json\/wp\/v2\/comments?post=1020"}],"version-history":[{"count":0,"href":"https:\/\/www.costa-rica-guesthouse.com\/es\/wp-json\/wp\/v2\/pages\/1020\/revisions"}],"wp:attachment":[{"href":"https:\/\/www.costa-rica-guesthouse.com\/es\/wp-json\/wp\/v2\/media?parent=1020"}],"curies":[{"name":"wp","href":"https:\/\/api.w.org\/{rel}","templated":true}]}}